{"id":312,"date":"2020-10-20T08:35:47","date_gmt":"2020-10-20T08:35:47","guid":{"rendered":"http:\/\/www.iaph.es\/wp-multi-site\/30-aniversario-iaph\/?page_id=312"},"modified":"2020-10-20T08:35:48","modified_gmt":"2020-10-20T08:35:48","slug":"galeria-de-imagenes-patrimonio-de-jaen","status":"publish","type":"page","link":"http:\/\/se-0082\/wp-multi-site\/30-aniversario-iaph\/galeria-de-imagenes-patrimonio-de-jaen\/","title":{"rendered":"Galer\u00eda de im\u00e1genes Patrimonio de Ja\u00e9n"},"content":{"rendered":"\n<div class=\"wp-block-themeisle-blocks-advanced-columns has-1-columns has-desktop-equal-layout has-tablet-equal-layout has-mobile-equal-layout has-default-gap has-vertical-unset\" id=\"wp-block-themeisle-blocks-advanced-columns-9593d216\"><div class=\"wp-block-themeisle-blocks-advanced-columns-overlay\"><\/div><div class=\"innerblocks-wrap\">\n<div class=\"wp-block-themeisle-blocks-advanced-column\" id=\"wp-block-themeisle-blocks-advanced-column-f05732bf\"><style>#jtg-280 .modula-item .jtg-social a, .lightbox-socials.jtg-social a{ color: #ffffff }#jtg-280 .modula-item .jtg-social svg, .lightbox-socials.jtg-social svg { height: 16px; width: 16px }#jtg-280 .modula-item .jtg-social a:not(:last-child), .lightbox-socials.jtg-social a:not(:last-child) { margin-right: 10px }#jtg-280 .modula-item .caption { background-color: #ffffff;  }#jtg-280 .modula-item .figc {color:#ffffff;}#jtg-280 .modula-item .modula-item-content { transform: scale(1) }#jtg-280 { width:100%;}#jtg-280 .modula-items{height:800px;}#jtg-280 .modula-items .figc p.description { font-size:14px; }#jtg-280 .modula-items .figc p.description { color:#ffffff;}#jtg-280 .modula-items .figc .jtg-title { color:#ffffff; }#jtg-280.modula-gallery .modula-item > a, #jtg-280.modula-gallery .modula-item, #jtg-280.modula-gallery .modula-item-content > a { cursor:zoom-in; } @media screen and (max-width:480px){#jtg-280 .modula-item .figc .jtg-title {  font-size: 12px; }#jtg-280 .modula-items .figc p.description { color:#ffffff;font-size:10px; }}<\/style>\n<!-- Gallery Container -->\n<div  id=\"jtg-280\" class=\"modula modula-gallery modula-creative-gallery\" data-config=\"{&quot;height&quot;:800,&quot;enableTwitter&quot;:false,&quot;enableWhatsapp&quot;:false,&quot;enableFacebook&quot;:false,&quot;enablePinterest&quot;:false,&quot;enableLinkedin&quot;:false,&quot;enableEmail&quot;:false,&quot;randomFactor&quot;:0.5,&quot;type&quot;:&quot;creative-gallery&quot;,&quot;columns&quot;:12,&quot;gutter&quot;:10,&quot;enableResponsive&quot;:&quot;0&quot;,&quot;tabletColumns&quot;:&quot;2&quot;,&quot;mobileColumns&quot;:&quot;1&quot;,&quot;lazyLoad&quot;:&quot;0&quot;,&quot;lightboxOpts&quot;:{&quot;loop&quot;:false,&quot;arrows&quot;:true,&quot;toolbar&quot;:true,&quot;keyboard&quot;:false,&quot;wheel&quot;:false,&quot;buttons&quot;:[&quot;close&quot;],&quot;hash&quot;:false,&quot;lang&quot;:&quot;en&quot;,&quot;touch&quot;:false,&quot;protect&quot;:false,&quot;i18n&quot;:{&quot;en&quot;:{&quot;CLOSE&quot;:&quot;Close&quot;,&quot;NEXT&quot;:&quot;Next&quot;,&quot;PREV&quot;:&quot;Previous&quot;,&quot;Error&quot;:&quot;The requested content cannot be loaded. Please try again later.&quot;,&quot;PLAY_START&quot;:&quot;Start slideshow&quot;,&quot;PLAY_STOP&quot;:&quot;Pause slideshow&quot;,&quot;FULL_SCREEN&quot;:&quot;Full screen&quot;,&quot;THUMBS&quot;:&quot;Thumbnails&quot;,&quot;DOWNLOAD&quot;:&quot;Download&quot;,&quot;SHARE&quot;:&quot;Share&quot;,&quot;ZOOM&quot;:&quot;Zoom&quot;}},&quot;clickSlide&quot;:false,&quot;clickOutside&quot;:false,&quot;dblclickContent&quot;:false,&quot;dblclickSlide&quot;:false,&quot;dblclickOutside&quot;:false,&quot;clickContent&quot;:false,&quot;baseTpl&quot;:&quot;&lt;div class=\\&quot;modula-fancybox-container modula-lightbox-jtg-280\\&quot; role=\\&quot;dialog\\&quot; tabindex=\\&quot;-1\\&quot;&gt;&lt;div class=\\&quot;modula-fancybox-bg\\&quot;&gt;&lt;\\\/div&gt;&lt;div class=\\&quot;modula-fancybox-inner\\&quot;&gt;&lt;div class=\\&quot;modula-fancybox-infobar\\&quot;&gt;&lt;span data-fancybox-index&gt;&lt;\\\/span&gt;&nbsp;\\\/&nbsp;&lt;span data-fancybox-count&gt;&lt;\\\/span&gt;&lt;\\\/div&gt;&lt;div class=\\&quot;modula-fancybox-toolbar\\&quot;&gt;{{buttons}}&lt;\\\/div&gt;&lt;div class=\\&quot;modula-fancybox-navigation\\&quot;&gt;{{arrows}}&lt;\\\/div&gt;&lt;div class=\\&quot;modula-fancybox-stage\\&quot;&gt;&lt;\\\/div&gt;&lt;div class=\\&quot;modula-fancybox-caption\\&quot;&gt;&lt;div class=\\&quot;modula-fancybox-caption__body\\&quot;&gt;&lt;\\\/div&gt;&lt;\\\/div&gt;&lt;\\\/div&gt;&lt;\\\/div&gt;&quot;},&quot;inView&quot;:false,&quot;email_subject&quot;:&quot;Check out this awesome image !!&quot;,&quot;email_message&quot;:&quot;Here is the link to the image : %%image_link%% and this is the link to the gallery : %%gallery_link%%&quot;,&quot;lightbox&quot;:&quot;fancybox&quot;}\">\n\n\t\n\t<!-- Items Container -->\n\t<div  class=\"modula-items\">\n\t\t<div class=\"modula-item effect-pufrobo\" >\n\t<div class=\"modula-item-overlay\"><\/div>\n\n\t<div class=\"modula-item-content\">\n\n\t\t\t\t\n\t\t\t\t\t<a data-image-id=\"281\" href=\"http:\/\/se-0082\/wp-multi-site\/30-aniversario-iaph\/wp-content\/uploads\/sites\/12\/2020\/10\/70_0003950-scaled.jpg\" data-elementor-open-lightbox=\"no\" rel=\"jtg-280\" data-caption=\"Vista parcial de la presa. Salto del J\u00e1ndula. And\u00fajar. Autor:  Cazalla Montijano, Juan Carlos. Fondo gr\u00e1fico IAPH\" class=\"tile-inner modula-item-link\"><\/a>\n\t\t\n\t\t\n\t\t<img class='pic' data-valign=\"middle\" data-halign=\"center\" alt=\"Vista parcial de la presa. Salto del J\u00e1ndula. And\u00fajar. Autor: Cazalla Montijano, Juan Carlos. Fondo gr\u00e1fico IAPH\" data-full=\"http:\/\/se-0082\/wp-multi-site\/30-aniversario-iaph\/wp-content\/uploads\/sites\/12\/2020\/10\/70_0003950.jpg\" src=\"http:\/\/se-0082\/wp-multi-site\/30-aniversario-iaph\/wp-content\/uploads\/sites\/12\/2020\/10\/70_0003950-scaled-500x99999.jpg\" data-src=\"http:\/\/se-0082\/wp-multi-site\/30-aniversario-iaph\/wp-content\/uploads\/sites\/12\/2020\/10\/70_0003950-scaled-500x99999.jpg\" data-caption=\"Vista parcial de la presa. Salto del J\u00e1ndula. And\u00fajar. Autor:  Cazalla Montijano, Juan Carlos. Fondo gr\u00e1fico IAPH\"\/>\n\n\t\t\n\t\t<div class=\"figc\">\n\t\t\t<div class=\"figc-inner\">\n\t\t\t\t\t\t\t\t\t\t\t\t\t\t\t<\/div>\n\t\t<\/div>\n\n\t<\/div>\n\n<\/div><div class=\"modula-item effect-pufrobo\" >\n\t<div class=\"modula-item-overlay\"><\/div>\n\n\t<div class=\"modula-item-content\">\n\n\t\t\t\t\n\t\t\t\t\t<a data-image-id=\"282\" href=\"http:\/\/se-0082\/wp-multi-site\/30-aniversario-iaph\/wp-content\/uploads\/sites\/12\/2020\/10\/70_0034972-scaled.jpg\" data-elementor-open-lightbox=\"no\" rel=\"jtg-280\" data-caption=\"Nacimiento del R\u00edo Guadalquivir y su entorno. Quesada. Demarcaci\u00f3n de Sierra de Cazorla, Segura y La Sagra. Autor: Fern\u00e1ndez Salinas, V\u00edctor. Fondo gr\u00e1fico IAPH\" class=\"tile-inner modula-item-link\"><\/a>\n\t\t\n\t\t\n\t\t<img class='pic' data-valign=\"middle\" data-halign=\"center\" alt=\"Nacimiento del R\u00edo Guadalquivir y su entorno. Quesada. Demarcaci\u00f3n de Sierra de Cazorla, Segura y La Sagra. Autor: Fern\u00e1ndez Salinas, V\u00edctor. Fondo gr\u00e1fico IAPH\" data-full=\"http:\/\/se-0082\/wp-multi-site\/30-aniversario-iaph\/wp-content\/uploads\/sites\/12\/2020\/10\/70_0034972.jpg\" src=\"http:\/\/se-0082\/wp-multi-site\/30-aniversario-iaph\/wp-content\/uploads\/sites\/12\/2020\/10\/70_0034972-scaled-500x99999.jpg\" data-src=\"http:\/\/se-0082\/wp-multi-site\/30-aniversario-iaph\/wp-content\/uploads\/sites\/12\/2020\/10\/70_0034972-scaled-500x99999.jpg\" data-caption=\"Nacimiento del R\u00edo Guadalquivir y su entorno. Quesada. Demarcaci\u00f3n de Sierra de Cazorla, Segura y La Sagra. Autor: Fern\u00e1ndez Salinas, V\u00edctor. Fondo gr\u00e1fico IAPH\"\/>\n\n\t\t\n\t\t<div class=\"figc\">\n\t\t\t<div class=\"figc-inner\">\n\t\t\t\t\t\t\t\t\t\t\t\t\t\t\t<\/div>\n\t\t<\/div>\n\n\t<\/div>\n\n<\/div><div class=\"modula-item effect-pufrobo\" >\n\t<div class=\"modula-item-overlay\"><\/div>\n\n\t<div class=\"modula-item-content\">\n\n\t\t\t\t\n\t\t\t\t\t<a data-image-id=\"283\" href=\"http:\/\/se-0082\/wp-multi-site\/30-aniversario-iaph\/wp-content\/uploads\/sites\/12\/2020\/10\/70_0035730-scaled.jpg\" data-elementor-open-lightbox=\"no\" rel=\"jtg-280\" data-caption=\"Recogida de la aceituna. Porcuna. Autor: Cazalla Montijano, Juan Carlos. Fondo gr\u00e1fico IAPH\" class=\"tile-inner modula-item-link\"><\/a>\n\t\t\n\t\t\n\t\t<img class='pic' data-valign=\"middle\" data-halign=\"center\" alt=\"Recogida de la aceituna. Porcuna. Autor: Cazalla Montijano, Juan Carlos. Fondo gr\u00e1fico IAPH\" data-full=\"http:\/\/se-0082\/wp-multi-site\/30-aniversario-iaph\/wp-content\/uploads\/sites\/12\/2020\/10\/70_0035730.jpg\" src=\"http:\/\/se-0082\/wp-multi-site\/30-aniversario-iaph\/wp-content\/uploads\/sites\/12\/2020\/10\/70_0035730-scaled-500x99999.jpg\" data-src=\"http:\/\/se-0082\/wp-multi-site\/30-aniversario-iaph\/wp-content\/uploads\/sites\/12\/2020\/10\/70_0035730-scaled-500x99999.jpg\" data-caption=\"Recogida de la aceituna. Porcuna. Autor: Cazalla Montijano, Juan Carlos. Fondo gr\u00e1fico IAPH\"\/>\n\n\t\t\n\t\t<div class=\"figc\">\n\t\t\t<div class=\"figc-inner\">\n\t\t\t\t\t\t\t\t\t\t\t\t\t\t\t<\/div>\n\t\t<\/div>\n\n\t<\/div>\n\n<\/div><div class=\"modula-item effect-pufrobo\" >\n\t<div class=\"modula-item-overlay\"><\/div>\n\n\t<div class=\"modula-item-content\">\n\n\t\t\t\t\n\t\t\t\t\t<a data-image-id=\"284\" href=\"http:\/\/se-0082\/wp-multi-site\/30-aniversario-iaph\/wp-content\/uploads\/sites\/12\/2020\/10\/70_0064184-scaled.jpg\" data-elementor-open-lightbox=\"no\" rel=\"jtg-280\" data-caption=\"Armonio del monasterio de la Concepci\u00f3n Franciscana. Ja\u00e9n. Autora: Quir\u00f3s Guerrero, M.\u00aa Luisa. Fondo gr\u00e1fico IAPH\" class=\"tile-inner modula-item-link\"><\/a>\n\t\t\n\t\t\n\t\t<img class='pic' data-valign=\"middle\" data-halign=\"center\" alt=\"Armonio del monasterio de la Concepci\u00f3n Franciscana. Ja\u00e9n. Autora: Quir\u00f3s Guerrero, M.\u00aa Luisa. Fondo gr\u00e1fico IAPH\" data-full=\"http:\/\/se-0082\/wp-multi-site\/30-aniversario-iaph\/wp-content\/uploads\/sites\/12\/2020\/10\/70_0064184.jpg\" src=\"http:\/\/se-0082\/wp-multi-site\/30-aniversario-iaph\/wp-content\/uploads\/sites\/12\/2020\/10\/70_0064184-scaled-500x99999.jpg\" data-src=\"http:\/\/se-0082\/wp-multi-site\/30-aniversario-iaph\/wp-content\/uploads\/sites\/12\/2020\/10\/70_0064184-scaled-500x99999.jpg\" data-caption=\"Armonio del monasterio de la Concepci\u00f3n Franciscana. Ja\u00e9n. Autora: Quir\u00f3s Guerrero, M.\u00aa Luisa. Fondo gr\u00e1fico IAPH\"\/>\n\n\t\t\n\t\t<div class=\"figc\">\n\t\t\t<div class=\"figc-inner\">\n\t\t\t\t\t\t\t\t\t\t\t\t\t\t\t<\/div>\n\t\t<\/div>\n\n\t<\/div>\n\n<\/div><div class=\"modula-item effect-pufrobo\" >\n\t<div class=\"modula-item-overlay\"><\/div>\n\n\t<div class=\"modula-item-content\">\n\n\t\t\t\t\n\t\t\t\t\t<a data-image-id=\"285\" href=\"http:\/\/se-0082\/wp-multi-site\/30-aniversario-iaph\/wp-content\/uploads\/sites\/12\/2020\/10\/70_0078032-scaled.jpg\" data-elementor-open-lightbox=\"no\" rel=\"jtg-280\" data-caption=\"Fundici\u00f3n La Tortilla. Linares. Autor: Romero Garc\u00eda, Javier. Fondo gr\u00e1fico IAPH\" class=\"tile-inner modula-item-link\"><\/a>\n\t\t\n\t\t\n\t\t<img class='pic' data-valign=\"middle\" data-halign=\"center\" alt=\"Fundici\u00f3n La Tortilla. Linares. Autor: Romero Garc\u00eda, Javier. Fondo gr\u00e1fico IAPH\" data-full=\"http:\/\/se-0082\/wp-multi-site\/30-aniversario-iaph\/wp-content\/uploads\/sites\/12\/2020\/10\/70_0078032.jpg\" src=\"http:\/\/se-0082\/wp-multi-site\/30-aniversario-iaph\/wp-content\/uploads\/sites\/12\/2020\/10\/70_0078032-scaled-500x99999.jpg\" data-src=\"http:\/\/se-0082\/wp-multi-site\/30-aniversario-iaph\/wp-content\/uploads\/sites\/12\/2020\/10\/70_0078032-scaled-500x99999.jpg\" data-caption=\"Fundici\u00f3n La Tortilla. Linares. Autor: Romero Garc\u00eda, Javier. Fondo gr\u00e1fico IAPH\"\/>\n\n\t\t\n\t\t<div class=\"figc\">\n\t\t\t<div class=\"figc-inner\">\n\t\t\t\t\t\t\t\t\t\t\t\t\t\t\t<\/div>\n\t\t<\/div>\n\n\t<\/div>\n\n<\/div><div class=\"modula-item effect-pufrobo\" >\n\t<div class=\"modula-item-overlay\"><\/div>\n\n\t<div class=\"modula-item-content\">\n\n\t\t\t\t\n\t\t\t\t\t<a data-image-id=\"286\" href=\"http:\/\/se-0082\/wp-multi-site\/30-aniversario-iaph\/wp-content\/uploads\/sites\/12\/2020\/10\/70_0095250-scaled.jpg\" data-elementor-open-lightbox=\"no\" rel=\"jtg-280\" data-caption=\"Vinajeras y bandeja de la iglesia de San Juan Evangelista. Mancha Real. Autora: Quir\u00f3s Guerrero, M.\u00aa Luisa. Fondo gr\u00e1fico IAPH\" class=\"tile-inner modula-item-link\"><\/a>\n\t\t\n\t\t\n\t\t<img class='pic' data-valign=\"middle\" data-halign=\"center\" alt=\"Vinajeras y bandeja de la iglesia de San Juan Evangelista. Mancha Real. Autora: Quir\u00f3s Guerrero, M.\u00aa Luisa. Fondo gr\u00e1fico IAPH\" data-full=\"http:\/\/se-0082\/wp-multi-site\/30-aniversario-iaph\/wp-content\/uploads\/sites\/12\/2020\/10\/70_0095250.jpg\" src=\"http:\/\/se-0082\/wp-multi-site\/30-aniversario-iaph\/wp-content\/uploads\/sites\/12\/2020\/10\/70_0095250-scaled-99999x500.jpg\" data-src=\"http:\/\/se-0082\/wp-multi-site\/30-aniversario-iaph\/wp-content\/uploads\/sites\/12\/2020\/10\/70_0095250-scaled-99999x500.jpg\" data-caption=\"Vinajeras y bandeja de la iglesia de San Juan Evangelista. Mancha Real. Autora: Quir\u00f3s Guerrero, M.\u00aa Luisa. Fondo gr\u00e1fico IAPH\"\/>\n\n\t\t\n\t\t<div class=\"figc\">\n\t\t\t<div class=\"figc-inner\">\n\t\t\t\t\t\t\t\t\t\t\t\t\t\t\t<\/div>\n\t\t<\/div>\n\n\t<\/div>\n\n<\/div><div class=\"modula-item effect-pufrobo\" >\n\t<div class=\"modula-item-overlay\"><\/div>\n\n\t<div class=\"modula-item-content\">\n\n\t\t\t\t\n\t\t\t\t\t<a data-image-id=\"287\" href=\"http:\/\/se-0082\/wp-multi-site\/30-aniversario-iaph\/wp-content\/uploads\/sites\/12\/2020\/10\/70_0097107-scaled.jpg\" data-elementor-open-lightbox=\"no\" rel=\"jtg-280\" data-caption=\"Pila bautismal de la iglesia de San Miguel. And\u00fajar. Autor: Cabildo Catedral Metropolitano. Fondo gr\u00e1fico IAPH\" class=\"tile-inner modula-item-link\"><\/a>\n\t\t\n\t\t\n\t\t<img class='pic' data-valign=\"middle\" data-halign=\"center\" alt=\"Pila bautismal de la iglesia de San Miguel. And\u00fajar. Autor: Cabildo Catedral Metropolitano. Fondo gr\u00e1fico IAPH\" data-full=\"http:\/\/se-0082\/wp-multi-site\/30-aniversario-iaph\/wp-content\/uploads\/sites\/12\/2020\/10\/70_0097107.jpg\" src=\"http:\/\/se-0082\/wp-multi-site\/30-aniversario-iaph\/wp-content\/uploads\/sites\/12\/2020\/10\/70_0097107-scaled-99999x500.jpg\" data-src=\"http:\/\/se-0082\/wp-multi-site\/30-aniversario-iaph\/wp-content\/uploads\/sites\/12\/2020\/10\/70_0097107-scaled-99999x500.jpg\" data-caption=\"Pila bautismal de la iglesia de San Miguel. And\u00fajar. Autor: Cabildo Catedral Metropolitano. Fondo gr\u00e1fico IAPH\"\/>\n\n\t\t\n\t\t<div class=\"figc\">\n\t\t\t<div class=\"figc-inner\">\n\t\t\t\t\t\t\t\t\t\t\t\t\t\t\t<\/div>\n\t\t<\/div>\n\n\t<\/div>\n\n<\/div><div class=\"modula-item effect-pufrobo\" >\n\t<div class=\"modula-item-overlay\"><\/div>\n\n\t<div class=\"modula-item-content\">\n\n\t\t\t\t\n\t\t\t\t\t<a data-image-id=\"288\" href=\"http:\/\/se-0082\/wp-multi-site\/30-aniversario-iaph\/wp-content\/uploads\/sites\/12\/2020\/10\/70_0102062-scaled.jpg\" data-elementor-open-lightbox=\"no\" rel=\"jtg-280\" data-caption=\"Vista parcial de los restos de C\u00e1stulo. Linares. Cazalla Montijano, Juan Carlos. Fondo gr\u00e1fico IAPH\" class=\"tile-inner modula-item-link\"><\/a>\n\t\t\n\t\t\n\t\t<img class='pic' data-valign=\"middle\" data-halign=\"center\" alt=\"Vista parcial de los restos de C\u00e1stulo. Linares. Cazalla Montijano, Juan Carlos. Fondo gr\u00e1fico IAPH\" data-full=\"http:\/\/se-0082\/wp-multi-site\/30-aniversario-iaph\/wp-content\/uploads\/sites\/12\/2020\/10\/70_0102062.jpg\" src=\"http:\/\/se-0082\/wp-multi-site\/30-aniversario-iaph\/wp-content\/uploads\/sites\/12\/2020\/10\/70_0102062-scaled-500x99999.jpg\" data-src=\"http:\/\/se-0082\/wp-multi-site\/30-aniversario-iaph\/wp-content\/uploads\/sites\/12\/2020\/10\/70_0102062-scaled-500x99999.jpg\" data-caption=\"Vista parcial de los restos de C\u00e1stulo. Linares. Cazalla Montijano, Juan Carlos. Fondo gr\u00e1fico IAPH\"\/>\n\n\t\t\n\t\t<div class=\"figc\">\n\t\t\t<div class=\"figc-inner\">\n\t\t\t\t\t\t\t\t\t\t\t\t\t\t\t<\/div>\n\t\t<\/div>\n\n\t<\/div>\n\n<\/div><div class=\"modula-item effect-pufrobo\" >\n\t<div class=\"modula-item-overlay\"><\/div>\n\n\t<div class=\"modula-item-content\">\n\n\t\t\t\t\n\t\t\t\t\t<a data-image-id=\"289\" href=\"http:\/\/se-0082\/wp-multi-site\/30-aniversario-iaph\/wp-content\/uploads\/sites\/12\/2020\/10\/70_0102313-scaled.jpg\" data-elementor-open-lightbox=\"no\" rel=\"jtg-280\" data-caption=\"Huerta de Pegalajar. Vista parcial de la huerta, acequias y Pegalajar al fondo. Panor\u00e1mica. Cazalla Montijano, Juan Carlos. Fondo gr\u00e1fico IAPH\" class=\"tile-inner modula-item-link\"><\/a>\n\t\t\n\t\t\n\t\t<img class='pic' data-valign=\"middle\" data-halign=\"center\" alt=\"Huerta de Pegalajar. Vista parcial de la huerta, acequias y Pegalajar al fondo. Panor\u00e1mica. Cazalla Montijano, Juan Carlos. Fondo gr\u00e1fico IAPH\" data-full=\"http:\/\/se-0082\/wp-multi-site\/30-aniversario-iaph\/wp-content\/uploads\/sites\/12\/2020\/10\/70_0102313.jpg\" src=\"http:\/\/se-0082\/wp-multi-site\/30-aniversario-iaph\/wp-content\/uploads\/sites\/12\/2020\/10\/70_0102313-scaled-500x99999.jpg\" data-src=\"http:\/\/se-0082\/wp-multi-site\/30-aniversario-iaph\/wp-content\/uploads\/sites\/12\/2020\/10\/70_0102313-scaled-500x99999.jpg\" data-caption=\"Huerta de Pegalajar. Vista parcial de la huerta, acequias y Pegalajar al fondo. Panor\u00e1mica. Cazalla Montijano, Juan Carlos. Fondo gr\u00e1fico IAPH\"\/>\n\n\t\t\n\t\t<div class=\"figc\">\n\t\t\t<div class=\"figc-inner\">\n\t\t\t\t\t\t\t\t\t\t\t\t\t\t\t<\/div>\n\t\t<\/div>\n\n\t<\/div>\n\n<\/div><div class=\"modula-item effect-pufrobo\" >\n\t<div class=\"modula-item-overlay\"><\/div>\n\n\t<div class=\"modula-item-content\">\n\n\t\t\t\t\n\t\t\t\t\t<a data-image-id=\"290\" href=\"http:\/\/se-0082\/wp-multi-site\/30-aniversario-iaph\/wp-content\/uploads\/sites\/12\/2020\/10\/70_0113512-scaled.jpg\" data-elementor-open-lightbox=\"no\" rel=\"jtg-280\" data-caption=\"Elaboraci\u00f3n de campanas. Torredonjimeno. Vertiendo el bronce fundido. Autora: Ortiz Amores, M.\u00aa del Rosario. Fondo gr\u00e1fico IAPH\" class=\"tile-inner modula-item-link\"><\/a>\n\t\t\n\t\t\n\t\t<img class='pic' data-valign=\"middle\" data-halign=\"center\" alt=\"Elaboraci\u00f3n de campanas. Torredonjimeno. Vertiendo el bronce fundido. Autora: Ortiz Amores, M.\u00aa del Rosario. Fondo gr\u00e1fico IAPH\" data-full=\"http:\/\/se-0082\/wp-multi-site\/30-aniversario-iaph\/wp-content\/uploads\/sites\/12\/2020\/10\/70_0113512.jpg\" src=\"http:\/\/se-0082\/wp-multi-site\/30-aniversario-iaph\/wp-content\/uploads\/sites\/12\/2020\/10\/70_0113512-scaled-500x99999.jpg\" data-src=\"http:\/\/se-0082\/wp-multi-site\/30-aniversario-iaph\/wp-content\/uploads\/sites\/12\/2020\/10\/70_0113512-scaled-500x99999.jpg\" data-caption=\"Elaboraci\u00f3n de campanas. Torredonjimeno. Vertiendo el bronce fundido. Autora: Ortiz Amores, M.\u00aa del Rosario. Fondo gr\u00e1fico IAPH\"\/>\n\n\t\t\n\t\t<div class=\"figc\">\n\t\t\t<div class=\"figc-inner\">\n\t\t\t\t\t\t\t\t\t\t\t\t\t\t\t<\/div>\n\t\t<\/div>\n\n\t<\/div>\n\n<\/div><div class=\"modula-item effect-pufrobo\" >\n\t<div class=\"modula-item-overlay\"><\/div>\n\n\t<div class=\"modula-item-content\">\n\n\t\t\t\t\n\t\t\t\t\t<a data-image-id=\"291\" href=\"http:\/\/se-0082\/wp-multi-site\/30-aniversario-iaph\/wp-content\/uploads\/sites\/12\/2020\/10\/70_0117674-scaled.jpg\" data-elementor-open-lightbox=\"no\" rel=\"jtg-280\" data-caption=\"Romer\u00eda de la Virgen de la Cabeza. And\u00fajar. Detalle general de la plaza al paso de la Virgen de la Cabeza. Autor: Ballester i Torrents, Marc. Fondo gr\u00e1fico IAPH\" class=\"tile-inner modula-item-link\"><\/a>\n\t\t\n\t\t\n\t\t<img class='pic' data-valign=\"middle\" data-halign=\"center\" alt=\"Romer\u00eda de la Virgen de la Cabeza. And\u00fajar. Detalle general de la plaza al paso de la Virgen de la Cabeza. Autor: Ballester i Torrents, Marc. Fondo gr\u00e1fico IAPH\" data-full=\"http:\/\/se-0082\/wp-multi-site\/30-aniversario-iaph\/wp-content\/uploads\/sites\/12\/2020\/10\/70_0117674.jpg\" src=\"http:\/\/se-0082\/wp-multi-site\/30-aniversario-iaph\/wp-content\/uploads\/sites\/12\/2020\/10\/70_0117674-scaled-500x99999.jpg\" data-src=\"http:\/\/se-0082\/wp-multi-site\/30-aniversario-iaph\/wp-content\/uploads\/sites\/12\/2020\/10\/70_0117674-scaled-500x99999.jpg\" data-caption=\"Romer\u00eda de la Virgen de la Cabeza. And\u00fajar. Detalle general de la plaza al paso de la Virgen de la Cabeza. Autor: Ballester i Torrents, Marc. Fondo gr\u00e1fico IAPH\"\/>\n\n\t\t\n\t\t<div class=\"figc\">\n\t\t\t<div class=\"figc-inner\">\n\t\t\t\t\t\t\t\t\t\t\t\t\t\t\t<\/div>\n\t\t<\/div>\n\n\t<\/div>\n\n<\/div><div class=\"modula-item effect-pufrobo\" >\n\t<div class=\"modula-item-overlay\"><\/div>\n\n\t<div class=\"modula-item-content\">\n\n\t\t\t\t\n\t\t\t\t\t<a data-image-id=\"292\" href=\"http:\/\/se-0082\/wp-multi-site\/30-aniversario-iaph\/wp-content\/uploads\/sites\/12\/2020\/10\/70_0124811-scaled.jpg\" data-elementor-open-lightbox=\"no\" rel=\"jtg-280\" data-caption=\"Jardines de Jabalcuz y antigua Caser\u00eda de Jerez. Ja\u00e9n. Escalera de acceso a los jardines. Jardines de Jabalcuz y antigua Caser\u00eda de Jerez. Autor: Cuenca Vill\u00e9n, Arturo. Fondo gr\u00e1fico IAPH\" class=\"tile-inner modula-item-link\"><\/a>\n\t\t\n\t\t\n\t\t<img class='pic' data-valign=\"middle\" data-halign=\"center\" alt=\"Jardines de Jabalcuz y antigua Caser\u00eda de Jerez. Ja\u00e9n. Escalera de acceso a los jardines. Jardines de Jabalcuz y antigua Caser\u00eda de Jerez. Autor: Cuenca Vill\u00e9n, Arturo. Fondo gr\u00e1fico IAPH\" data-full=\"http:\/\/se-0082\/wp-multi-site\/30-aniversario-iaph\/wp-content\/uploads\/sites\/12\/2020\/10\/70_0124811.jpg\" src=\"http:\/\/se-0082\/wp-multi-site\/30-aniversario-iaph\/wp-content\/uploads\/sites\/12\/2020\/10\/70_0124811-scaled-500x99999.jpg\" data-src=\"http:\/\/se-0082\/wp-multi-site\/30-aniversario-iaph\/wp-content\/uploads\/sites\/12\/2020\/10\/70_0124811-scaled-500x99999.jpg\" data-caption=\"Jardines de Jabalcuz y antigua Caser\u00eda de Jerez. Ja\u00e9n. Escalera de acceso a los jardines. Jardines de Jabalcuz y antigua Caser\u00eda de Jerez. Autor: Cuenca Vill\u00e9n, Arturo. Fondo gr\u00e1fico IAPH\"\/>\n\n\t\t\n\t\t<div class=\"figc\">\n\t\t\t<div class=\"figc-inner\">\n\t\t\t\t\t\t\t\t\t\t\t\t\t\t\t<\/div>\n\t\t<\/div>\n\n\t<\/div>\n\n<\/div><div class=\"modula-item effect-pufrobo\" >\n\t<div class=\"modula-item-overlay\"><\/div>\n\n\t<div class=\"modula-item-content\">\n\n\t\t\t\t\n\t\t\t\t\t<a data-image-id=\"293\" href=\"http:\/\/se-0082\/wp-multi-site\/30-aniversario-iaph\/wp-content\/uploads\/sites\/12\/2020\/10\/70_0130259-scaled.jpg\" data-elementor-open-lightbox=\"no\" rel=\"jtg-280\" data-caption=\"Castillo de Burgalimar. Conjunto Hist\u00f3rico de Ba\u00f1os de la Encina. Autor: Herce Pagliai, Manuel Mill\u00e1n. Fondo gr\u00e1fico IAPH\" class=\"tile-inner modula-item-link\"><\/a>\n\t\t\n\t\t\n\t\t<img class='pic' data-valign=\"middle\" data-halign=\"center\" alt=\"Castillo de Burgalimar. Conjunto Hist\u00f3rico de Ba\u00f1os de la Encina. Autor: Herce Pagliai, Manuel Mill\u00e1n. Fondo gr\u00e1fico IAPH\" data-full=\"http:\/\/se-0082\/wp-multi-site\/30-aniversario-iaph\/wp-content\/uploads\/sites\/12\/2020\/10\/70_0130259.jpg\" src=\"http:\/\/se-0082\/wp-multi-site\/30-aniversario-iaph\/wp-content\/uploads\/sites\/12\/2020\/10\/70_0130259-scaled-500x99999.jpg\" data-src=\"http:\/\/se-0082\/wp-multi-site\/30-aniversario-iaph\/wp-content\/uploads\/sites\/12\/2020\/10\/70_0130259-scaled-500x99999.jpg\" data-caption=\"Castillo de Burgalimar. Conjunto Hist\u00f3rico de Ba\u00f1os de la Encina. Autor: Herce Pagliai, Manuel Mill\u00e1n. Fondo gr\u00e1fico IAPH\"\/>\n\n\t\t\n\t\t<div class=\"figc\">\n\t\t\t<div class=\"figc-inner\">\n\t\t\t\t\t\t\t\t\t\t\t\t\t\t\t<\/div>\n\t\t<\/div>\n\n\t<\/div>\n\n<\/div><div class=\"modula-item effect-pufrobo\" >\n\t<div class=\"modula-item-overlay\"><\/div>\n\n\t<div class=\"modula-item-content\">\n\n\t\t\t\t\n\t\t\t\t\t<a data-image-id=\"294\" href=\"http:\/\/se-0082\/wp-multi-site\/30-aniversario-iaph\/wp-content\/uploads\/sites\/12\/2020\/10\/70_0130585-scaled.jpg\" data-elementor-open-lightbox=\"no\" rel=\"jtg-280\" data-caption=\"Paisaje de Hornos. Pico Yelmo. Autor: Herce Pagliai, Manuel Mill\u00e1n. Fondo gr\u00e1fico IAPH\" class=\"tile-inner modula-item-link\"><\/a>\n\t\t\n\t\t\n\t\t<img class='pic' data-valign=\"middle\" data-halign=\"center\" alt=\"Paisaje de Hornos. Pico Yelmo. Autor: Herce Pagliai, Manuel Mill\u00e1n. Fondo gr\u00e1fico IAPH\" data-full=\"http:\/\/se-0082\/wp-multi-site\/30-aniversario-iaph\/wp-content\/uploads\/sites\/12\/2020\/10\/70_0130585.jpg\" src=\"http:\/\/se-0082\/wp-multi-site\/30-aniversario-iaph\/wp-content\/uploads\/sites\/12\/2020\/10\/70_0130585-scaled-500x99999.jpg\" data-src=\"http:\/\/se-0082\/wp-multi-site\/30-aniversario-iaph\/wp-content\/uploads\/sites\/12\/2020\/10\/70_0130585-scaled-500x99999.jpg\" data-caption=\"Paisaje de Hornos. Pico Yelmo. Autor: Herce Pagliai, Manuel Mill\u00e1n. Fondo gr\u00e1fico IAPH\"\/>\n\n\t\t\n\t\t<div class=\"figc\">\n\t\t\t<div class=\"figc-inner\">\n\t\t\t\t\t\t\t\t\t\t\t\t\t\t\t<\/div>\n\t\t<\/div>\n\n\t<\/div>\n\n<\/div>\t\t\n\t<\/div>\n\n\t\n\t\n\t<script type=\"application\/ld+json\">\n\t{\n\t\t\"@context\": \"http:\/\/schema.org\",\n\t\t\"@type\"   : \"ImageGallery\",\n\t\t\"id\"      : \"http:\/\/se-0082\/wp-multi-site\/30-aniversario-iaph\/wp-json\/wp\/v2\/pages\/312\",\n\t\t\"url\"     : \"http:\/\/se-0082\/wp-multi-site\/30-aniversario-iaph\/wp-json\/wp\/v2\/pages\/312\"\n\t}\n\n    <\/script>\n\n\t\n<\/div><\/div>\n<\/div><\/div>\n","protected":false},"excerpt":{"rendered":"","protected":false},"author":1,"featured_media":0,"parent":0,"menu_order":0,"comment_status":"closed","ping_status":"closed","template":"","meta":[],"_links":{"self":[{"href":"http:\/\/se-0082\/wp-multi-site\/30-aniversario-iaph\/wp-json\/wp\/v2\/pages\/312"}],"collection":[{"href":"http:\/\/se-0082\/wp-multi-site\/30-aniversario-iaph\/wp-json\/wp\/v2\/pages"}],"about":[{"href":"http:\/\/se-0082\/wp-multi-site\/30-aniversario-iaph\/wp-json\/wp\/v2\/types\/page"}],"author":[{"embeddable":true,"href":"http:\/\/se-0082\/wp-multi-site\/30-aniversario-iaph\/wp-json\/wp\/v2\/users\/1"}],"replies":[{"embeddable":true,"href":"http:\/\/se-0082\/wp-multi-site\/30-aniversario-iaph\/wp-json\/wp\/v2\/comments?post=312"}],"version-history":[{"count":1,"href":"http:\/\/se-0082\/wp-multi-site\/30-aniversario-iaph\/wp-json\/wp\/v2\/pages\/312\/revisions"}],"predecessor-version":[{"id":313,"href":"http:\/\/se-0082\/wp-multi-site\/30-aniversario-iaph\/wp-json\/wp\/v2\/pages\/312\/revisions\/313"}],"wp:attachment":[{"href":"http:\/\/se-0082\/wp-multi-site\/30-aniversario-iaph\/wp-json\/wp\/v2\/media?parent=312"}],"curies":[{"name":"wp","href":"https:\/\/api.w.org\/{rel}","templated":true}]}}