{"id":432,"date":"2021-11-08T12:42:59","date_gmt":"2021-11-08T12:42:59","guid":{"rendered":"http:\/\/www.iaph.es\/wp-multi-site\/30-aniversario-iaph\/?page_id=432"},"modified":"2021-11-08T12:43:00","modified_gmt":"2021-11-08T12:43:00","slug":"galeria-de-imagenes-patrimonio-granada","status":"publish","type":"page","link":"http:\/\/se-0082\/wp-multi-site\/30-aniversario-iaph\/galeria-de-imagenes-patrimonio-granada\/","title":{"rendered":"Galer\u00eda de Im\u00e1genes Patrimonio Granada"},"content":{"rendered":"\n<div class=\"wp-block-themeisle-blocks-advanced-columns has-1-columns has-desktop-equal-layout has-tablet-equal-layout has-mobile-equal-layout has-default-gap has-vertical-unset\" id=\"wp-block-themeisle-blocks-advanced-columns-25c9b4df\"><div class=\"wp-block-themeisle-blocks-advanced-columns-overlay\"><\/div><div class=\"innerblocks-wrap\">\n<div class=\"wp-block-themeisle-blocks-advanced-column\" id=\"wp-block-themeisle-blocks-advanced-column-fb80a419\"><style>#jtg-410 .modula-item .jtg-social a, .lightbox-socials.jtg-social a{ color: #ffffff }#jtg-410 .modula-item .jtg-social svg, .lightbox-socials.jtg-social svg { height: 16px; width: 16px }#jtg-410 .modula-item .jtg-social a:not(:last-child), .lightbox-socials.jtg-social a:not(:last-child) { margin-right: 10px }#jtg-410 .modula-item .caption { background-color: #ffffff;  }#jtg-410 .modula-item .figc {color:#ffffff;}#jtg-410 .modula-item .modula-item-content { transform: scale(1) }#jtg-410 { width:100%;}#jtg-410 .modula-items{height:800px;}#jtg-410 .modula-items .figc p.description { font-size:14px; }#jtg-410 .modula-items .figc p.description { color:#ffffff;}#jtg-410 .modula-items .figc .jtg-title { color:#ffffff; }#jtg-410.modula-gallery .modula-item > a, #jtg-410.modula-gallery .modula-item, #jtg-410.modula-gallery .modula-item-content > a { cursor:zoom-in; } @media screen and (max-width:480px){#jtg-410 .modula-item .figc .jtg-title {  font-size: 12px; }#jtg-410 .modula-items .figc p.description { color:#ffffff;font-size:10px; }}<\/style>\n<!-- Gallery Container -->\n<div  id=\"jtg-410\" class=\"modula modula-gallery modula-creative-gallery\" data-config=\"{&quot;height&quot;:800,&quot;enableTwitter&quot;:false,&quot;enableWhatsapp&quot;:false,&quot;enableFacebook&quot;:false,&quot;enablePinterest&quot;:false,&quot;enableLinkedin&quot;:false,&quot;enableEmail&quot;:false,&quot;randomFactor&quot;:0.5,&quot;type&quot;:&quot;creative-gallery&quot;,&quot;columns&quot;:12,&quot;gutter&quot;:10,&quot;enableResponsive&quot;:&quot;0&quot;,&quot;tabletColumns&quot;:&quot;2&quot;,&quot;mobileColumns&quot;:&quot;1&quot;,&quot;lazyLoad&quot;:&quot;0&quot;,&quot;lightboxOpts&quot;:{&quot;loop&quot;:false,&quot;arrows&quot;:true,&quot;toolbar&quot;:true,&quot;keyboard&quot;:false,&quot;wheel&quot;:false,&quot;buttons&quot;:[&quot;close&quot;],&quot;hash&quot;:false,&quot;lang&quot;:&quot;en&quot;,&quot;touch&quot;:false,&quot;protect&quot;:false,&quot;i18n&quot;:{&quot;en&quot;:{&quot;CLOSE&quot;:&quot;Close&quot;,&quot;NEXT&quot;:&quot;Next&quot;,&quot;PREV&quot;:&quot;Previous&quot;,&quot;Error&quot;:&quot;The requested content cannot be loaded. Please try again later.&quot;,&quot;PLAY_START&quot;:&quot;Start slideshow&quot;,&quot;PLAY_STOP&quot;:&quot;Pause slideshow&quot;,&quot;FULL_SCREEN&quot;:&quot;Full screen&quot;,&quot;THUMBS&quot;:&quot;Thumbnails&quot;,&quot;DOWNLOAD&quot;:&quot;Download&quot;,&quot;SHARE&quot;:&quot;Share&quot;,&quot;ZOOM&quot;:&quot;Zoom&quot;}},&quot;clickSlide&quot;:false,&quot;clickOutside&quot;:false,&quot;dblclickContent&quot;:false,&quot;dblclickSlide&quot;:false,&quot;dblclickOutside&quot;:false,&quot;clickContent&quot;:false,&quot;baseTpl&quot;:&quot;&lt;div class=\\&quot;modula-fancybox-container modula-lightbox-jtg-410\\&quot; role=\\&quot;dialog\\&quot; tabindex=\\&quot;-1\\&quot;&gt;&lt;div class=\\&quot;modula-fancybox-bg\\&quot;&gt;&lt;\\\/div&gt;&lt;div class=\\&quot;modula-fancybox-inner\\&quot;&gt;&lt;div class=\\&quot;modula-fancybox-infobar\\&quot;&gt;&lt;span data-fancybox-index&gt;&lt;\\\/span&gt;&nbsp;\\\/&nbsp;&lt;span data-fancybox-count&gt;&lt;\\\/span&gt;&lt;\\\/div&gt;&lt;div class=\\&quot;modula-fancybox-toolbar\\&quot;&gt;{{buttons}}&lt;\\\/div&gt;&lt;div class=\\&quot;modula-fancybox-navigation\\&quot;&gt;{{arrows}}&lt;\\\/div&gt;&lt;div class=\\&quot;modula-fancybox-stage\\&quot;&gt;&lt;\\\/div&gt;&lt;div class=\\&quot;modula-fancybox-caption\\&quot;&gt;&lt;div class=\\&quot;modula-fancybox-caption__body\\&quot;&gt;&lt;\\\/div&gt;&lt;\\\/div&gt;&lt;\\\/div&gt;&lt;\\\/div&gt;&quot;},&quot;inView&quot;:false,&quot;email_subject&quot;:&quot;Check out this awesome image !!&quot;,&quot;email_message&quot;:&quot;Here is the link to the image : %%image_link%% and this is the link to the gallery : %%gallery_link%%&quot;,&quot;lightbox&quot;:&quot;fancybox&quot;}\">\n\n\t\n\t<!-- Items Container -->\n\t<div  class=\"modula-items\">\n\t\t<div class=\"modula-item effect-pufrobo\" >\n\t<div class=\"modula-item-overlay\"><\/div>\n\n\t<div class=\"modula-item-content\">\n\n\t\t\t\t\n\t\t\t\t\t<a data-image-id=\"411\" href=\"http:\/\/se-0082\/wp-multi-site\/30-aniversario-iaph\/wp-content\/uploads\/sites\/12\/2020\/12\/70_0015905-scaled.jpg\" data-elementor-open-lightbox=\"no\" rel=\"jtg-410\" data-caption=\"Carmen de los M\u00e1rtires. Granada. Vista general de la fachada principal. Autor: Romero Garc\u00eda, Javier. Fondo Gr\u00e1fico IAPH\" class=\"tile-inner modula-item-link\"><\/a>\n\t\t\n\t\t\n\t\t<img class='pic' data-valign=\"middle\" data-halign=\"center\" alt=\"Carmen de los M\u00e1rtires. Granada. Vista general de la fachada principal. Autor: Romero Garc\u00eda, Javier. Fondo Gr\u00e1fico IAPH\" data-full=\"http:\/\/se-0082\/wp-multi-site\/30-aniversario-iaph\/wp-content\/uploads\/sites\/12\/2020\/12\/70_0015905.jpg\" src=\"http:\/\/se-0082\/wp-multi-site\/30-aniversario-iaph\/wp-content\/uploads\/sites\/12\/2020\/12\/70_0015905-scaled-500x99999.jpg\" data-src=\"http:\/\/se-0082\/wp-multi-site\/30-aniversario-iaph\/wp-content\/uploads\/sites\/12\/2020\/12\/70_0015905-scaled-500x99999.jpg\" data-caption=\"Carmen de los M\u00e1rtires. Granada. Vista general de la fachada principal. Autor: Romero Garc\u00eda, Javier. Fondo Gr\u00e1fico IAPH\"\/>\n\n\t\t\n\t\t<div class=\"figc\">\n\t\t\t<div class=\"figc-inner\">\n\t\t\t\t\t\t\t\t\t\t\t\t\t\t\t<\/div>\n\t\t<\/div>\n\n\t<\/div>\n\n<\/div><div class=\"modula-item effect-pufrobo\" >\n\t<div class=\"modula-item-overlay\"><\/div>\n\n\t<div class=\"modula-item-content\">\n\n\t\t\t\t\n\t\t\t\t\t<a data-image-id=\"412\" href=\"http:\/\/se-0082\/wp-multi-site\/30-aniversario-iaph\/wp-content\/uploads\/sites\/12\/2020\/12\/70_0034788-scaled.jpg\" data-elementor-open-lightbox=\"no\" rel=\"jtg-410\" data-caption=\"Paisaje del Barranco del Poqueira. Capileira. Autora: Dugo Cobacho, Isabel. Fondo Gr\u00e1fico IAPH\" class=\"tile-inner modula-item-link\"><\/a>\n\t\t\n\t\t\n\t\t<img class='pic' data-valign=\"middle\" data-halign=\"center\" alt=\"Paisaje del Barranco del Poqueira. Capileira. Autora: Dugo Cobacho, Isabel. Fondo Gr\u00e1fico IAPH\" data-full=\"http:\/\/se-0082\/wp-multi-site\/30-aniversario-iaph\/wp-content\/uploads\/sites\/12\/2020\/12\/70_0034788.jpg\" src=\"http:\/\/se-0082\/wp-multi-site\/30-aniversario-iaph\/wp-content\/uploads\/sites\/12\/2020\/12\/70_0034788-scaled-500x99999.jpg\" data-src=\"http:\/\/se-0082\/wp-multi-site\/30-aniversario-iaph\/wp-content\/uploads\/sites\/12\/2020\/12\/70_0034788-scaled-500x99999.jpg\" data-caption=\"Paisaje del Barranco del Poqueira. Capileira. Autora: Dugo Cobacho, Isabel. Fondo Gr\u00e1fico IAPH\"\/>\n\n\t\t\n\t\t<div class=\"figc\">\n\t\t\t<div class=\"figc-inner\">\n\t\t\t\t\t\t\t\t\t\t\t\t\t\t\t<\/div>\n\t\t<\/div>\n\n\t<\/div>\n\n<\/div><div class=\"modula-item effect-pufrobo\" >\n\t<div class=\"modula-item-overlay\"><\/div>\n\n\t<div class=\"modula-item-content\">\n\n\t\t\t\t\n\t\t\t\t\t<a data-image-id=\"413\" href=\"http:\/\/se-0082\/wp-multi-site\/30-aniversario-iaph\/wp-content\/uploads\/sites\/12\/2020\/12\/70_0034873.jpg\" data-elementor-open-lightbox=\"no\" rel=\"jtg-410\" data-caption=\"medidas: 1273 x 1896tama\u00f1o: 1972 kB formato: JPEG\" class=\"tile-inner modula-item-link\"><\/a>\n\t\t\n\t\t\n\t\t<img class='pic' data-valign=\"middle\" data-halign=\"center\" alt=\"\" data-full=\"http:\/\/se-0082\/wp-multi-site\/30-aniversario-iaph\/wp-content\/uploads\/sites\/12\/2020\/12\/70_0034873.jpg\" src=\"http:\/\/se-0082\/wp-multi-site\/30-aniversario-iaph\/wp-content\/uploads\/sites\/12\/2020\/12\/70_0034873-500x99999.jpg\" data-src=\"http:\/\/se-0082\/wp-multi-site\/30-aniversario-iaph\/wp-content\/uploads\/sites\/12\/2020\/12\/70_0034873-500x99999.jpg\" data-caption=\"medidas: 1273 x 1896tama\u00f1o: 1972 kB formato: JPEG\"\/>\n\n\t\t\n\t\t<div class=\"figc\">\n\t\t\t<div class=\"figc-inner\">\n\t\t\t\t\t\t\t\t\t\t\t\t\t\t\t<\/div>\n\t\t<\/div>\n\n\t<\/div>\n\n<\/div><div class=\"modula-item effect-pufrobo\" >\n\t<div class=\"modula-item-overlay\"><\/div>\n\n\t<div class=\"modula-item-content\">\n\n\t\t\t\t\n\t\t\t\t\t<a data-image-id=\"414\" href=\"http:\/\/se-0082\/wp-multi-site\/30-aniversario-iaph\/wp-content\/uploads\/sites\/12\/2020\/12\/70_0034991-scaled.jpg\" data-elementor-open-lightbox=\"no\" rel=\"jtg-410\" data-caption=\"medidas: 3744 x 5616tama\u00f1o: 60 MB formato: TIFF\" class=\"tile-inner modula-item-link\"><\/a>\n\t\t\n\t\t\n\t\t<img class='pic' data-valign=\"middle\" data-halign=\"center\" alt=\"\" data-full=\"http:\/\/se-0082\/wp-multi-site\/30-aniversario-iaph\/wp-content\/uploads\/sites\/12\/2020\/12\/70_0034991.jpg\" src=\"http:\/\/se-0082\/wp-multi-site\/30-aniversario-iaph\/wp-content\/uploads\/sites\/12\/2020\/12\/70_0034991-scaled-500x99999.jpg\" data-src=\"http:\/\/se-0082\/wp-multi-site\/30-aniversario-iaph\/wp-content\/uploads\/sites\/12\/2020\/12\/70_0034991-scaled-500x99999.jpg\" data-caption=\"medidas: 3744 x 5616tama\u00f1o: 60 MB formato: TIFF\"\/>\n\n\t\t\n\t\t<div class=\"figc\">\n\t\t\t<div class=\"figc-inner\">\n\t\t\t\t\t\t\t\t\t\t\t\t\t\t\t<\/div>\n\t\t<\/div>\n\n\t<\/div>\n\n<\/div><div class=\"modula-item effect-pufrobo\" >\n\t<div class=\"modula-item-overlay\"><\/div>\n\n\t<div class=\"modula-item-content\">\n\n\t\t\t\t\n\t\t\t\t\t<a data-image-id=\"415\" href=\"http:\/\/se-0082\/wp-multi-site\/30-aniversario-iaph\/wp-content\/uploads\/sites\/12\/2020\/12\/70_0059722.jpg\" data-elementor-open-lightbox=\"no\" rel=\"jtg-410\" data-caption=\"medidas: 1181 x 1729tama\u00f1o: 5 MB formato: TIFF\" class=\"tile-inner modula-item-link\"><\/a>\n\t\t\n\t\t\n\t\t<img class='pic' data-valign=\"middle\" data-halign=\"center\" alt=\"\" data-full=\"http:\/\/se-0082\/wp-multi-site\/30-aniversario-iaph\/wp-content\/uploads\/sites\/12\/2020\/12\/70_0059722.jpg\" src=\"http:\/\/se-0082\/wp-multi-site\/30-aniversario-iaph\/wp-content\/uploads\/sites\/12\/2020\/12\/70_0059722-500x99999.jpg\" data-src=\"http:\/\/se-0082\/wp-multi-site\/30-aniversario-iaph\/wp-content\/uploads\/sites\/12\/2020\/12\/70_0059722-500x99999.jpg\" data-caption=\"medidas: 1181 x 1729tama\u00f1o: 5 MB formato: TIFF\"\/>\n\n\t\t\n\t\t<div class=\"figc\">\n\t\t\t<div class=\"figc-inner\">\n\t\t\t\t\t\t\t\t\t\t\t\t\t\t\t<\/div>\n\t\t<\/div>\n\n\t<\/div>\n\n<\/div><div class=\"modula-item effect-pufrobo\" >\n\t<div class=\"modula-item-overlay\"><\/div>\n\n\t<div class=\"modula-item-content\">\n\n\t\t\t\t\n\t\t\t\t\t<a data-image-id=\"416\" href=\"http:\/\/se-0082\/wp-multi-site\/30-aniversario-iaph\/wp-content\/uploads\/sites\/12\/2020\/12\/70_0060031.jpg\" data-elementor-open-lightbox=\"no\" rel=\"jtg-410\" data-caption=\"medidas: 1181 x 1729tama\u00f1o: 5 MB formato: TIFF\" class=\"tile-inner modula-item-link\"><\/a>\n\t\t\n\t\t\n\t\t<img class='pic' data-valign=\"middle\" data-halign=\"center\" alt=\"\" data-full=\"http:\/\/se-0082\/wp-multi-site\/30-aniversario-iaph\/wp-content\/uploads\/sites\/12\/2020\/12\/70_0060031.jpg\" src=\"http:\/\/se-0082\/wp-multi-site\/30-aniversario-iaph\/wp-content\/uploads\/sites\/12\/2020\/12\/70_0060031-500x99999.jpg\" data-src=\"http:\/\/se-0082\/wp-multi-site\/30-aniversario-iaph\/wp-content\/uploads\/sites\/12\/2020\/12\/70_0060031-500x99999.jpg\" data-caption=\"medidas: 1181 x 1729tama\u00f1o: 5 MB formato: TIFF\"\/>\n\n\t\t\n\t\t<div class=\"figc\">\n\t\t\t<div class=\"figc-inner\">\n\t\t\t\t\t\t\t\t\t\t\t\t\t\t\t<\/div>\n\t\t<\/div>\n\n\t<\/div>\n\n<\/div><div class=\"modula-item effect-pufrobo\" >\n\t<div class=\"modula-item-overlay\"><\/div>\n\n\t<div class=\"modula-item-content\">\n\n\t\t\t\t\n\t\t\t\t\t<a data-image-id=\"417\" href=\"http:\/\/se-0082\/wp-multi-site\/30-aniversario-iaph\/wp-content\/uploads\/sites\/12\/2020\/12\/70_0060058.jpg\" data-elementor-open-lightbox=\"no\" rel=\"jtg-410\" data-caption=\"medidas: 1181 x 1729tama\u00f1o: 5 MB formato: TIFF\" class=\"tile-inner modula-item-link\"><\/a>\n\t\t\n\t\t\n\t\t<img class='pic' data-valign=\"middle\" data-halign=\"center\" alt=\"\" data-full=\"http:\/\/se-0082\/wp-multi-site\/30-aniversario-iaph\/wp-content\/uploads\/sites\/12\/2020\/12\/70_0060058.jpg\" src=\"http:\/\/se-0082\/wp-multi-site\/30-aniversario-iaph\/wp-content\/uploads\/sites\/12\/2020\/12\/70_0060058-500x99999.jpg\" data-src=\"http:\/\/se-0082\/wp-multi-site\/30-aniversario-iaph\/wp-content\/uploads\/sites\/12\/2020\/12\/70_0060058-500x99999.jpg\" data-caption=\"medidas: 1181 x 1729tama\u00f1o: 5 MB formato: TIFF\"\/>\n\n\t\t\n\t\t<div class=\"figc\">\n\t\t\t<div class=\"figc-inner\">\n\t\t\t\t\t\t\t\t\t\t\t\t\t\t\t<\/div>\n\t\t<\/div>\n\n\t<\/div>\n\n<\/div><div class=\"modula-item effect-pufrobo\" >\n\t<div class=\"modula-item-overlay\"><\/div>\n\n\t<div class=\"modula-item-content\">\n\n\t\t\t\t\n\t\t\t\t\t<a data-image-id=\"418\" href=\"http:\/\/se-0082\/wp-multi-site\/30-aniversario-iaph\/wp-content\/uploads\/sites\/12\/2020\/12\/70_0088810-scaled.jpg\" data-elementor-open-lightbox=\"no\" rel=\"jtg-410\" data-caption=\"medidas: 2448 x 3264tama\u00f1o: 23 MB formato: TIFF\" class=\"tile-inner modula-item-link\"><\/a>\n\t\t\n\t\t\n\t\t<img class='pic' data-valign=\"middle\" data-halign=\"center\" alt=\"\" data-full=\"http:\/\/se-0082\/wp-multi-site\/30-aniversario-iaph\/wp-content\/uploads\/sites\/12\/2020\/12\/70_0088810.jpg\" src=\"http:\/\/se-0082\/wp-multi-site\/30-aniversario-iaph\/wp-content\/uploads\/sites\/12\/2020\/12\/70_0088810-scaled-500x99999.jpg\" data-src=\"http:\/\/se-0082\/wp-multi-site\/30-aniversario-iaph\/wp-content\/uploads\/sites\/12\/2020\/12\/70_0088810-scaled-500x99999.jpg\" data-caption=\"medidas: 2448 x 3264tama\u00f1o: 23 MB formato: TIFF\"\/>\n\n\t\t\n\t\t<div class=\"figc\">\n\t\t\t<div class=\"figc-inner\">\n\t\t\t\t\t\t\t\t\t\t\t\t\t\t\t<\/div>\n\t\t<\/div>\n\n\t<\/div>\n\n<\/div><div class=\"modula-item effect-pufrobo\" >\n\t<div class=\"modula-item-overlay\"><\/div>\n\n\t<div class=\"modula-item-content\">\n\n\t\t\t\t\n\t\t\t\t\t<a data-image-id=\"419\" href=\"http:\/\/se-0082\/wp-multi-site\/30-aniversario-iaph\/wp-content\/uploads\/sites\/12\/2020\/12\/70_0089131-scaled.jpg\" data-elementor-open-lightbox=\"no\" rel=\"jtg-410\" data-caption=\"medidas: 2448 x 3264tama\u00f1o: 23 MB formato: TIFF\" class=\"tile-inner modula-item-link\"><\/a>\n\t\t\n\t\t\n\t\t<img class='pic' data-valign=\"middle\" data-halign=\"center\" alt=\"\" data-full=\"http:\/\/se-0082\/wp-multi-site\/30-aniversario-iaph\/wp-content\/uploads\/sites\/12\/2020\/12\/70_0089131.jpg\" src=\"http:\/\/se-0082\/wp-multi-site\/30-aniversario-iaph\/wp-content\/uploads\/sites\/12\/2020\/12\/70_0089131-scaled-500x99999.jpg\" data-src=\"http:\/\/se-0082\/wp-multi-site\/30-aniversario-iaph\/wp-content\/uploads\/sites\/12\/2020\/12\/70_0089131-scaled-500x99999.jpg\" data-caption=\"medidas: 2448 x 3264tama\u00f1o: 23 MB formato: TIFF\"\/>\n\n\t\t\n\t\t<div class=\"figc\">\n\t\t\t<div class=\"figc-inner\">\n\t\t\t\t\t\t\t\t\t\t\t\t\t\t\t<\/div>\n\t\t<\/div>\n\n\t<\/div>\n\n<\/div><div class=\"modula-item effect-pufrobo\" >\n\t<div class=\"modula-item-overlay\"><\/div>\n\n\t<div class=\"modula-item-content\">\n\n\t\t\t\t\n\t\t\t\t\t<a data-image-id=\"420\" href=\"http:\/\/se-0082\/wp-multi-site\/30-aniversario-iaph\/wp-content\/uploads\/sites\/12\/2020\/12\/70_0108772-scaled.jpg\" data-elementor-open-lightbox=\"no\" rel=\"jtg-410\" data-caption=\"medidas: 2592 x 3888tama\u00f1o: 29 MB formato: TIFF\" class=\"tile-inner modula-item-link\"><\/a>\n\t\t\n\t\t\n\t\t<img class='pic' data-valign=\"middle\" data-halign=\"center\" alt=\"\" data-full=\"http:\/\/se-0082\/wp-multi-site\/30-aniversario-iaph\/wp-content\/uploads\/sites\/12\/2020\/12\/70_0108772.jpg\" src=\"http:\/\/se-0082\/wp-multi-site\/30-aniversario-iaph\/wp-content\/uploads\/sites\/12\/2020\/12\/70_0108772-scaled-500x99999.jpg\" data-src=\"http:\/\/se-0082\/wp-multi-site\/30-aniversario-iaph\/wp-content\/uploads\/sites\/12\/2020\/12\/70_0108772-scaled-500x99999.jpg\" data-caption=\"medidas: 2592 x 3888tama\u00f1o: 29 MB formato: TIFF\"\/>\n\n\t\t\n\t\t<div class=\"figc\">\n\t\t\t<div class=\"figc-inner\">\n\t\t\t\t\t\t\t\t\t\t\t\t\t\t\t<\/div>\n\t\t<\/div>\n\n\t<\/div>\n\n<\/div><div class=\"modula-item effect-pufrobo\" >\n\t<div class=\"modula-item-overlay\"><\/div>\n\n\t<div class=\"modula-item-content\">\n\n\t\t\t\t\n\t\t\t\t\t<a data-image-id=\"421\" href=\"http:\/\/se-0082\/wp-multi-site\/30-aniversario-iaph\/wp-content\/uploads\/sites\/12\/2020\/12\/70_0112217-scaled.jpg\" data-elementor-open-lightbox=\"no\" rel=\"jtg-410\" data-caption=\"medidas: 2592 x 3872tama\u00f1o: 29 MB formato: TIFF\" class=\"tile-inner modula-item-link\"><\/a>\n\t\t\n\t\t\n\t\t<img class='pic' data-valign=\"middle\" data-halign=\"center\" alt=\"\" data-full=\"http:\/\/se-0082\/wp-multi-site\/30-aniversario-iaph\/wp-content\/uploads\/sites\/12\/2020\/12\/70_0112217.jpg\" src=\"http:\/\/se-0082\/wp-multi-site\/30-aniversario-iaph\/wp-content\/uploads\/sites\/12\/2020\/12\/70_0112217-scaled-500x99999.jpg\" data-src=\"http:\/\/se-0082\/wp-multi-site\/30-aniversario-iaph\/wp-content\/uploads\/sites\/12\/2020\/12\/70_0112217-scaled-500x99999.jpg\" data-caption=\"medidas: 2592 x 3872tama\u00f1o: 29 MB formato: TIFF\"\/>\n\n\t\t\n\t\t<div class=\"figc\">\n\t\t\t<div class=\"figc-inner\">\n\t\t\t\t\t\t\t\t\t\t\t\t\t\t\t<\/div>\n\t\t<\/div>\n\n\t<\/div>\n\n<\/div><div class=\"modula-item effect-pufrobo\" >\n\t<div class=\"modula-item-overlay\"><\/div>\n\n\t<div class=\"modula-item-content\">\n\n\t\t\t\t\n\t\t\t\t\t<a data-image-id=\"422\" href=\"http:\/\/se-0082\/wp-multi-site\/30-aniversario-iaph\/wp-content\/uploads\/sites\/12\/2020\/12\/70_0112444-scaled.jpg\" data-elementor-open-lightbox=\"no\" rel=\"jtg-410\" data-caption=\"medidas: 2592 x 3872tama\u00f1o: 29 MB formato: TIFF\" class=\"tile-inner modula-item-link\"><\/a>\n\t\t\n\t\t\n\t\t<img class='pic' data-valign=\"middle\" data-halign=\"center\" alt=\"\" data-full=\"http:\/\/se-0082\/wp-multi-site\/30-aniversario-iaph\/wp-content\/uploads\/sites\/12\/2020\/12\/70_0112444.jpg\" src=\"http:\/\/se-0082\/wp-multi-site\/30-aniversario-iaph\/wp-content\/uploads\/sites\/12\/2020\/12\/70_0112444-scaled-500x99999.jpg\" data-src=\"http:\/\/se-0082\/wp-multi-site\/30-aniversario-iaph\/wp-content\/uploads\/sites\/12\/2020\/12\/70_0112444-scaled-500x99999.jpg\" data-caption=\"medidas: 2592 x 3872tama\u00f1o: 29 MB formato: TIFF\"\/>\n\n\t\t\n\t\t<div class=\"figc\">\n\t\t\t<div class=\"figc-inner\">\n\t\t\t\t\t\t\t\t\t\t\t\t\t\t\t<\/div>\n\t\t<\/div>\n\n\t<\/div>\n\n<\/div><div class=\"modula-item effect-pufrobo\" >\n\t<div class=\"modula-item-overlay\"><\/div>\n\n\t<div class=\"modula-item-content\">\n\n\t\t\t\t\n\t\t\t\t\t<a data-image-id=\"423\" href=\"http:\/\/se-0082\/wp-multi-site\/30-aniversario-iaph\/wp-content\/uploads\/sites\/12\/2020\/12\/70_0114324-scaled.jpg\" data-elementor-open-lightbox=\"no\" rel=\"jtg-410\" data-caption=\"medidas: 2832 x 4256tama\u00f1o: 35 MB formato: TIFF\" class=\"tile-inner modula-item-link\"><\/a>\n\t\t\n\t\t\n\t\t<img class='pic' data-valign=\"middle\" data-halign=\"center\" alt=\"\" data-full=\"http:\/\/se-0082\/wp-multi-site\/30-aniversario-iaph\/wp-content\/uploads\/sites\/12\/2020\/12\/70_0114324.jpg\" src=\"http:\/\/se-0082\/wp-multi-site\/30-aniversario-iaph\/wp-content\/uploads\/sites\/12\/2020\/12\/70_0114324-scaled-500x99999.jpg\" data-src=\"http:\/\/se-0082\/wp-multi-site\/30-aniversario-iaph\/wp-content\/uploads\/sites\/12\/2020\/12\/70_0114324-scaled-500x99999.jpg\" data-caption=\"medidas: 2832 x 4256tama\u00f1o: 35 MB formato: TIFF\"\/>\n\n\t\t\n\t\t<div class=\"figc\">\n\t\t\t<div class=\"figc-inner\">\n\t\t\t\t\t\t\t\t\t\t\t\t\t\t\t<\/div>\n\t\t<\/div>\n\n\t<\/div>\n\n<\/div><div class=\"modula-item effect-pufrobo\" >\n\t<div class=\"modula-item-overlay\"><\/div>\n\n\t<div class=\"modula-item-content\">\n\n\t\t\t\t\n\t\t\t\t\t<a data-image-id=\"424\" href=\"http:\/\/se-0082\/wp-multi-site\/30-aniversario-iaph\/wp-content\/uploads\/sites\/12\/2020\/12\/70_0117047-scaled.jpg\" data-elementor-open-lightbox=\"no\" rel=\"jtg-410\" data-caption=\"medidas: 3445 x 10638tama\u00f1o: 70 MB formato: TIFF\" class=\"tile-inner modula-item-link\"><\/a>\n\t\t\n\t\t\n\t\t<img class='pic' data-valign=\"middle\" data-halign=\"center\" alt=\"\" data-full=\"http:\/\/se-0082\/wp-multi-site\/30-aniversario-iaph\/wp-content\/uploads\/sites\/12\/2020\/12\/70_0117047.jpg\" src=\"http:\/\/se-0082\/wp-multi-site\/30-aniversario-iaph\/wp-content\/uploads\/sites\/12\/2020\/12\/70_0117047-scaled-500x99999.jpg\" data-src=\"http:\/\/se-0082\/wp-multi-site\/30-aniversario-iaph\/wp-content\/uploads\/sites\/12\/2020\/12\/70_0117047-scaled-500x99999.jpg\" data-caption=\"medidas: 3445 x 10638tama\u00f1o: 70 MB formato: TIFF\"\/>\n\n\t\t\n\t\t<div class=\"figc\">\n\t\t\t<div class=\"figc-inner\">\n\t\t\t\t\t\t\t\t\t\t\t\t\t\t\t<\/div>\n\t\t<\/div>\n\n\t<\/div>\n\n<\/div><div class=\"modula-item effect-pufrobo\" >\n\t<div class=\"modula-item-overlay\"><\/div>\n\n\t<div class=\"modula-item-content\">\n\n\t\t\t\t\n\t\t\t\t\t<a data-image-id=\"425\" href=\"http:\/\/se-0082\/wp-multi-site\/30-aniversario-iaph\/wp-content\/uploads\/sites\/12\/2020\/12\/70_0128311-scaled.jpg\" data-elementor-open-lightbox=\"no\" rel=\"jtg-410\" data-caption=\"\" class=\"tile-inner modula-item-link\"><\/a>\n\t\t\n\t\t\n\t\t<img class='pic' data-valign=\"middle\" data-halign=\"center\" alt=\"\" data-full=\"http:\/\/se-0082\/wp-multi-site\/30-aniversario-iaph\/wp-content\/uploads\/sites\/12\/2020\/12\/70_0128311.jpg\" src=\"http:\/\/se-0082\/wp-multi-site\/30-aniversario-iaph\/wp-content\/uploads\/sites\/12\/2020\/12\/70_0128311-scaled-500x99999.jpg\" data-src=\"http:\/\/se-0082\/wp-multi-site\/30-aniversario-iaph\/wp-content\/uploads\/sites\/12\/2020\/12\/70_0128311-scaled-500x99999.jpg\" data-caption=\"\"\/>\n\n\t\t\n\t\t<div class=\"figc no-description\">\n\t\t\t<div class=\"figc-inner\">\n\t\t\t\t\t\t\t\t\t\t\t\t\t\t\t<\/div>\n\t\t<\/div>\n\n\t<\/div>\n\n<\/div><div class=\"modula-item effect-pufrobo\" >\n\t<div class=\"modula-item-overlay\"><\/div>\n\n\t<div class=\"modula-item-content\">\n\n\t\t\t\t\n\t\t\t\t\t<a data-image-id=\"426\" href=\"http:\/\/se-0082\/wp-multi-site\/30-aniversario-iaph\/wp-content\/uploads\/sites\/12\/2020\/12\/70_0130347-scaled.jpg\" data-elementor-open-lightbox=\"no\" rel=\"jtg-410\" data-caption=\"CARRETERA DE LA ALPUJARRA ALTA, 12\/12\/16\" class=\"tile-inner modula-item-link\"><\/a>\n\t\t\n\t\t\n\t\t<img class='pic' data-valign=\"middle\" data-halign=\"center\" alt=\"\" data-full=\"http:\/\/se-0082\/wp-multi-site\/30-aniversario-iaph\/wp-content\/uploads\/sites\/12\/2020\/12\/70_0130347.jpg\" src=\"http:\/\/se-0082\/wp-multi-site\/30-aniversario-iaph\/wp-content\/uploads\/sites\/12\/2020\/12\/70_0130347-scaled-500x99999.jpg\" data-src=\"http:\/\/se-0082\/wp-multi-site\/30-aniversario-iaph\/wp-content\/uploads\/sites\/12\/2020\/12\/70_0130347-scaled-500x99999.jpg\" data-caption=\"CARRETERA DE LA ALPUJARRA ALTA, 12\/12\/16\"\/>\n\n\t\t\n\t\t<div class=\"figc\">\n\t\t\t<div class=\"figc-inner\">\n\t\t\t\t\t\t\t\t\t\t\t\t\t\t\t<\/div>\n\t\t<\/div>\n\n\t<\/div>\n\n<\/div><div class=\"modula-item effect-pufrobo\" >\n\t<div class=\"modula-item-overlay\"><\/div>\n\n\t<div class=\"modula-item-content\">\n\n\t\t\t\t\n\t\t\t\t\t<a data-image-id=\"427\" href=\"http:\/\/se-0082\/wp-multi-site\/30-aniversario-iaph\/wp-content\/uploads\/sites\/12\/2020\/12\/70_0138476-scaled.jpg\" data-elementor-open-lightbox=\"no\" rel=\"jtg-410\" data-caption=\"\" class=\"tile-inner modula-item-link\"><\/a>\n\t\t\n\t\t\n\t\t<img class='pic' data-valign=\"middle\" data-halign=\"center\" alt=\"\" data-full=\"http:\/\/se-0082\/wp-multi-site\/30-aniversario-iaph\/wp-content\/uploads\/sites\/12\/2020\/12\/70_0138476.jpg\" src=\"http:\/\/se-0082\/wp-multi-site\/30-aniversario-iaph\/wp-content\/uploads\/sites\/12\/2020\/12\/70_0138476-scaled-500x99999.jpg\" data-src=\"http:\/\/se-0082\/wp-multi-site\/30-aniversario-iaph\/wp-content\/uploads\/sites\/12\/2020\/12\/70_0138476-scaled-500x99999.jpg\" data-caption=\"\"\/>\n\n\t\t\n\t\t<div class=\"figc no-description\">\n\t\t\t<div class=\"figc-inner\">\n\t\t\t\t\t\t\t\t\t\t\t\t\t\t\t<\/div>\n\t\t<\/div>\n\n\t<\/div>\n\n<\/div>\t\t\n\t<\/div>\n\n\t\n\t\n\t<script type=\"application\/ld+json\">\n\t{\n\t\t\"@context\": \"http:\/\/schema.org\",\n\t\t\"@type\"   : \"ImageGallery\",\n\t\t\"id\"      : \"http:\/\/se-0082\/wp-multi-site\/30-aniversario-iaph\/wp-json\/wp\/v2\/pages\/432\",\n\t\t\"url\"     : \"http:\/\/se-0082\/wp-multi-site\/30-aniversario-iaph\/wp-json\/wp\/v2\/pages\/432\"\n\t}\n\n    <\/script>\n\n\t\n<\/div><\/div>\n<\/div><\/div>\n","protected":false},"excerpt":{"rendered":"","protected":false},"author":1,"featured_media":0,"parent":0,"menu_order":0,"comment_status":"closed","ping_status":"closed","template":"","meta":[],"_links":{"self":[{"href":"http:\/\/se-0082\/wp-multi-site\/30-aniversario-iaph\/wp-json\/wp\/v2\/pages\/432"}],"collection":[{"href":"http:\/\/se-0082\/wp-multi-site\/30-aniversario-iaph\/wp-json\/wp\/v2\/pages"}],"about":[{"href":"http:\/\/se-0082\/wp-multi-site\/30-aniversario-iaph\/wp-json\/wp\/v2\/types\/page"}],"author":[{"embeddable":true,"href":"http:\/\/se-0082\/wp-multi-site\/30-aniversario-iaph\/wp-json\/wp\/v2\/users\/1"}],"replies":[{"embeddable":true,"href":"http:\/\/se-0082\/wp-multi-site\/30-aniversario-iaph\/wp-json\/wp\/v2\/comments?post=432"}],"version-history":[{"count":2,"href":"http:\/\/se-0082\/wp-multi-site\/30-aniversario-iaph\/wp-json\/wp\/v2\/pages\/432\/revisions"}],"predecessor-version":[{"id":437,"href":"http:\/\/se-0082\/wp-multi-site\/30-aniversario-iaph\/wp-json\/wp\/v2\/pages\/432\/revisions\/437"}],"wp:attachment":[{"href":"http:\/\/se-0082\/wp-multi-site\/30-aniversario-iaph\/wp-json\/wp\/v2\/media?parent=432"}],"curies":[{"name":"wp","href":"https:\/\/api.w.org\/{rel}","templated":true}]}}