{"id":25,"date":"2024-02-08T11:11:47","date_gmt":"2024-02-08T10:11:47","guid":{"rendered":"https:\/\/www.iaph.es\/cursotribunales\/?page_id=25"},"modified":"2024-02-22T10:07:46","modified_gmt":"2024-02-22T09:07:46","slug":"presentacion","status":"publish","type":"page","link":"https:\/\/www.iaph.es\/cursotribunales\/","title":{"rendered":"Presentaci\u00f3n"},"content":{"rendered":"\t\t<div data-elementor-type=\"wp-page\" data-elementor-id=\"25\" class=\"elementor elementor-25\" data-elementor-post-type=\"page\">\n\t\t\t\t<div class=\"elementor-element elementor-element-89dc1db e-flex e-con-boxed e-con e-parent\" data-id=\"89dc1db\" data-element_type=\"container\" data-e-type=\"container\">\n\t\t\t\t\t<div class=\"e-con-inner\">\n\t\t\t\t\t<\/div>\n\t\t\t\t<\/div>\n\t\t<div class=\"elementor-element elementor-element-a0cf3d8 e-flex e-con-boxed e-con e-parent\" data-id=\"a0cf3d8\" data-element_type=\"container\" data-e-type=\"container\">\n\t\t\t\t\t<div class=\"e-con-inner\">\n\t\t\t\t<div class=\"elementor-element elementor-element-4cfd4c8 elementor-widget elementor-widget-text-editor\" data-id=\"4cfd4c8\" data-element_type=\"widget\" data-e-type=\"widget\" data-widget_type=\"text-editor.default\">\n\t\t\t\t<div class=\"elementor-widget-container\">\n\t\t\t\t\t\t\t\t\t<p>El patrimonio hist\u00f3rico es hoy d\u00eda un campo de acci\u00f3n complejo donde confluyen numerosos profesionales para su protecci\u00f3n, conservaci\u00f3n, uso y disfrute social. En este contexto tambi\u00e9n las normas que lo regulan y que han de ser aplicadas reflejan dicha complejidad, lo que influye a la hora de ser interpretadas por los tribunales.<\/p><p>Rara vez se profundiza en esta materia y sin embargo la relaci\u00f3n entre el Derecho y las disciplinas tradicionales del patrimonio es permanente en el d\u00eda a d\u00eda de las Administraciones P\u00fablicas. Esto se pone a\u00fan m\u00e1s de relieve cuando se suscitan litigios en los cuales, impugn\u00e1ndose una actuaci\u00f3n concreta de una Administraci\u00f3n, el trabajo de los profesionales del patrimonio es revisado en los tribunales por juristas (jueces, fiscales y letrados).<\/p><p>Un buen trabajo t\u00e9cnico incardinado en la normativa correspondiente en instancias administrativas constituye el primer paso para responder con \u00e9xito a una contienda judicial. La adecuaci\u00f3n del trabajo t\u00e9cnico a la normativa, al ser revisada por los tribunales, ofrece una importante informaci\u00f3n de c\u00f3mo mejorar el mismo. Por ello resulta esencial para los profesionales conocer los pronunciamientos judiciales m\u00e1s importantes sobre las normas que regulan el patrimonio hist\u00f3rico para poder llevar a cabo una adecuada gesti\u00f3n.<\/p><p>En este curso se abordar\u00e1n adem\u00e1s los pronunciamientos de los tribunales teniendo en cuenta la propia evoluci\u00f3n de un concepto de patrimonio hist\u00f3rico mas restringido al actual concepto de patrimonio cultural m\u00e1s amplio que abarca nuevos patrimonios como el inmaterial o el industrial.<\/p><p>Por ello, el objetivo de este curso es el de ofrecer a los profesionales del patrimonio, cuyo trabajo debe incardinarse en unas normas, principios y par\u00e1metros fijados por las leyes, una visi\u00f3n general de pronunciamientos judiciales, seleccionando las diversas materias relacionadas: bienes de inter\u00e9s cultural, urbanismo y planes especiales, procedimientos sancionadores, subvenciones, contrataci\u00f3n p\u00fablica\u2026 Todo ello desde una eminente perspectiva pr\u00e1ctica.<\/p>\t\t\t\t\t\t\t\t<\/div>\n\t\t\t\t<\/div>\n\t\t\t\t\t<\/div>\n\t\t\t\t<\/div>\n\t\t<div class=\"elementor-element elementor-element-a95f71c e-flex e-con-boxed e-con e-parent\" data-id=\"a95f71c\" data-element_type=\"container\" data-e-type=\"container\">\n\t\t\t\t\t<div class=\"e-con-inner\">\n\t\t<div class=\"elementor-element elementor-element-c807c87 e-con-full e-flex e-con e-child\" data-id=\"c807c87\" data-element_type=\"container\" data-e-type=\"container\">\n\t\t\t\t<div class=\"elementor-element elementor-element-248fd0a elementor-widget elementor-widget-text-editor\" data-id=\"248fd0a\" data-element_type=\"widget\" data-e-type=\"widget\" data-widget_type=\"text-editor.default\">\n\t\t\t\t<div class=\"elementor-widget-container\">\n\t\t\t\t\t\t\t\t\t<p><strong>Directora<\/strong>\u00a0M\u00f3nica Ortiz S\u00e1nchez. Directora General de Patrimonio Hist\u00f3rico. Letrada de la Junta de Andaluc\u00eda en servicios especiales<\/p><p><strong>Sede<\/strong>\u00a0Sevilla, IAPH<\/p><p><strong>Fecha<\/strong>\u00a07, 8 y 9 de mayo de 2024<\/p><p><strong>Duraci\u00f3n<\/strong>\u00a020 horas<\/p><p><strong>N\u00aa de Plazas<\/strong> 50<\/p><p><strong>Inscripci\u00f3n<\/strong>\u00a0hasta el 24 de abril de 2024<\/p>\t\t\t\t\t\t\t\t<\/div>\n\t\t\t\t<\/div>\n\t\t\t\t<\/div>\n\t\t<div class=\"elementor-element elementor-element-15ad60e e-con-full e-flex e-con e-child\" data-id=\"15ad60e\" data-element_type=\"container\" data-e-type=\"container\">\n\t\t\t\t<div class=\"elementor-element elementor-element-e11d979 elementor-widget elementor-widget-image\" data-id=\"e11d979\" data-element_type=\"widget\" data-e-type=\"widget\" data-widget_type=\"image.default\">\n\t\t\t\t<div class=\"elementor-widget-container\">\n\t\t\t\t\t\t\t\t\t\t\t\t\t\t\t<img fetchpriority=\"high\" decoding=\"async\" width=\"800\" height=\"534\" src=\"https:\/\/www.iaph.es\/cursotribunales\/wp-content\/uploads\/2024\/02\/Monica-Ortiz-Sanchez-1024x683.jpg\" class=\"attachment-large size-large wp-image-95\" alt=\"\" srcset=\"https:\/\/www.iaph.es\/cursotribunales\/wp-content\/uploads\/2024\/02\/Monica-Ortiz-Sanchez-1024x683.jpg 1024w, https:\/\/www.iaph.es\/cursotribunales\/wp-content\/uploads\/2024\/02\/Monica-Ortiz-Sanchez-300x200.jpg 300w, https:\/\/www.iaph.es\/cursotribunales\/wp-content\/uploads\/2024\/02\/Monica-Ortiz-Sanchez-768x512.jpg 768w, https:\/\/www.iaph.es\/cursotribunales\/wp-content\/uploads\/2024\/02\/Monica-Ortiz-Sanchez-1536x1024.jpg 1536w, https:\/\/www.iaph.es\/cursotribunales\/wp-content\/uploads\/2024\/02\/Monica-Ortiz-Sanchez.jpg 1980w\" sizes=\"(max-width: 800px) 100vw, 800px\" \/>\t\t\t\t\t\t\t\t\t\t\t\t\t\t\t<\/div>\n\t\t\t\t<\/div>\n\t\t\t\t<\/div>\n\t\t\t\t\t<\/div>\n\t\t\t\t<\/div>\n\t\t<div class=\"elementor-element elementor-element-e31d5ec e-flex e-con-boxed e-con e-parent\" data-id=\"e31d5ec\" data-element_type=\"container\" data-e-type=\"container\">\n\t\t\t\t\t<div class=\"e-con-inner\">\n\t\t\t\t<div class=\"elementor-element elementor-element-2ec5459 elementor-widget elementor-widget-text-editor\" data-id=\"2ec5459\" data-element_type=\"widget\" data-e-type=\"widget\" data-widget_type=\"text-editor.default\">\n\t\t\t\t<div class=\"elementor-widget-container\">\n\t\t\t\t\t\t\t\t\t<p><strong>Destinatarios<\/strong>\u00a0T\u00e9cnicos de todas las disciplinas que trabajen en patrimonio hist\u00f3rico, principalmente dentro de las Administraciones P\u00fablicas (arque\u00f3logos, historiadores, arquitectos, antrop\u00f3logos, conservadores, restauradores, archiveros, bibliotecarios, juristas&#8230;).<\/p><p><strong>Certificado<\/strong>\u00a0El Director del Instituto Andaluz del Patrimonio Hist\u00f3rico certificar\u00e1, en el caso en que proceda, la asistencia y aprovechamiento docente del alumnado, indicando el t\u00edtulo del curso, la direcci\u00f3n acad\u00e9mica y el n\u00famero de horas.<\/p><p>Este curso se encuentra en proceso de homologaci\u00f3n por el Instituto Andaluz de la Administraci\u00f3n P\u00fablica. La asistencia de al menos el 90% de las horas lectivas es indispensable para la obtenci\u00f3n de dicha certificaci\u00f3n.<\/p>\t\t\t\t\t\t\t\t<\/div>\n\t\t\t\t<\/div>\n\t\t\t\t\t<\/div>\n\t\t\t\t<\/div>\n\t\t\t\t<\/div>\n\t\t","protected":false},"excerpt":{"rendered":"<p>El patrimonio hist\u00f3rico es hoy d\u00eda un campo de acci\u00f3n complejo donde confluyen numerosos profesionales para su protecci\u00f3n, conservaci\u00f3n, uso y disfrute social. En este contexto tambi\u00e9n las normas que lo regulan y que han de ser aplicadas reflejan dicha complejidad, lo que influye a la hora de ser interpretadas por los tribunales. Rara vez [&hellip;]<\/p>\n","protected":false},"author":1,"featured_media":0,"parent":0,"menu_order":0,"comment_status":"closed","ping_status":"closed","template":"","meta":{"footnotes":""},"class_list":["post-25","page","type-page","status-publish","hentry"],"_links":{"self":[{"href":"https:\/\/www.iaph.es\/cursotribunales\/index.php\/wp-json\/wp\/v2\/pages\/25","targetHints":{"allow":["GET"]}}],"collection":[{"href":"https:\/\/www.iaph.es\/cursotribunales\/index.php\/wp-json\/wp\/v2\/pages"}],"about":[{"href":"https:\/\/www.iaph.es\/cursotribunales\/index.php\/wp-json\/wp\/v2\/types\/page"}],"author":[{"embeddable":true,"href":"https:\/\/www.iaph.es\/cursotribunales\/index.php\/wp-json\/wp\/v2\/users\/1"}],"replies":[{"embeddable":true,"href":"https:\/\/www.iaph.es\/cursotribunales\/index.php\/wp-json\/wp\/v2\/comments?post=25"}],"version-history":[{"count":10,"href":"https:\/\/www.iaph.es\/cursotribunales\/index.php\/wp-json\/wp\/v2\/pages\/25\/revisions"}],"predecessor-version":[{"id":298,"href":"https:\/\/www.iaph.es\/cursotribunales\/index.php\/wp-json\/wp\/v2\/pages\/25\/revisions\/298"}],"wp:attachment":[{"href":"https:\/\/www.iaph.es\/cursotribunales\/index.php\/wp-json\/wp\/v2\/media?parent=25"}],"curies":[{"name":"wp","href":"https:\/\/api.w.org\/{rel}","templated":true}]}}