{"id":340,"date":"2024-04-24T13:24:49","date_gmt":"2024-04-24T11:24:49","guid":{"rendered":"https:\/\/www.iaph.es\/cursotribunales\/?page_id=340"},"modified":"2024-04-25T11:08:16","modified_gmt":"2024-04-25T09:08:16","slug":"fin-de-inscripcion","status":"publish","type":"page","link":"https:\/\/www.iaph.es\/cursotribunales\/index.php\/fin-de-inscripcion\/","title":{"rendered":"Fin de inscripci\u00f3n"},"content":{"rendered":"\t\t<div data-elementor-type=\"wp-page\" data-elementor-id=\"340\" class=\"elementor elementor-340\" data-elementor-post-type=\"page\">\n\t\t\t\t<div class=\"elementor-element elementor-element-b921c27 e-flex e-con-boxed e-con e-parent\" data-id=\"b921c27\" data-element_type=\"container\" data-e-type=\"container\">\n\t\t\t\t\t<div class=\"e-con-inner\">\n\t\t\t\t\t<\/div>\n\t\t\t\t<\/div>\n\t\t<div class=\"elementor-element elementor-element-0fe0fee e-flex e-con-boxed e-con e-parent\" data-id=\"0fe0fee\" data-element_type=\"container\" data-e-type=\"container\">\n\t\t\t\t\t<div class=\"e-con-inner\">\n\t\t\t\t<div class=\"elementor-element elementor-element-d598959 elementor-widget elementor-widget-text-editor\" data-id=\"d598959\" data-element_type=\"widget\" data-e-type=\"widget\" data-widget_type=\"text-editor.default\">\n\t\t\t\t<div class=\"elementor-widget-container\">\n\t\t\t\t\t\t\t\t\t<p>Relaci\u00f3n de personas por orden alfab\u00e9tico de apellidos que han formalizado su inscripci\u00f3n en el curso El Patrimonio Hist\u00f3rico y los Tribunales de Justicia (3\u00aa Edici\u00f3n). En breve se publicar\u00e1 la relaci\u00f3n del alumnado seleccionados.<\/p>\t\t\t\t\t\t\t\t<\/div>\n\t\t\t\t<\/div>\n\t\t\t\t\t<\/div>\n\t\t\t\t<\/div>\n\t\t<div class=\"elementor-element elementor-element-2dcc269 e-flex e-con-boxed e-con e-parent\" data-id=\"2dcc269\" data-element_type=\"container\" data-e-type=\"container\">\n\t\t\t\t\t<div class=\"e-con-inner\">\n\t\t\t\t<div class=\"elementor-element elementor-element-ab67ff7 elementor-widget elementor-widget-shortcode\" data-id=\"ab67ff7\" data-element_type=\"widget\" data-e-type=\"widget\" data-widget_type=\"shortcode.default\">\n\t\t\t\t<div class=\"elementor-widget-container\">\n\t\t\t\t\t\t\t<div class=\"elementor-shortcode\"><div class='w3eden'><!-- WPDM Link Template: Default Template -->\n\n<div class=\"link-template-default card mb-2\">\n    <div class=\"card-body\">\n        <div class=\"media\">\n            <div class=\"mr-3 img-48\"><img decoding=\"async\" class=\"wpdm_icon\" alt=\"Icono\" src=\"data:image\/svg+xml;base64,CiAgICAgICAgICAgIDxzdmcgeG1sbnM9Imh0dHA6Ly93d3cudzMub3JnLzIwMDAvc3ZnIiB2aWV3Qm94PSIwIDAgNDAgNDAiPgogICAgICAgICAgICAgICAgPGRlZnM+CiAgICAgICAgICAgICAgICAgICAgPGxpbmVhckdyYWRpZW50IGlkPSJncmFkaWVudCIgeDE9IjAiIHkxPSIwIiB4Mj0iMCIgeTI9IjEiPgogICAgICAgICAgICAgICAgICAgICAgICA8c3RvcCBzdG9wLWNvbG9yPSIjMjY5ZGVmIiBvZmZzZXQ9IjAiLz4KICAgICAgICAgICAgICAgICAgICAgICAgPHN0b3Agc3RvcC1jb2xvcj0iIzI2YmRlZiIgb2Zmc2V0PSIxIi8+CiAgICAgICAgICAgICAgICAgICAgPC9saW5lYXJHcmFkaWVudD4KICAgICAgICAgICAgICAgIDwvZGVmcz4KICAgICAgICAgICAgICAgIDxnPgogICAgICAgICAgICAgICAgICAgIDxyZWN0IGZpbGw9InVybCgjZ3JhZGllbnQpIiB4PSIwIiB5PSIwIiB3aWR0aD0iNDAiIGhlaWdodD0iNDAiIHJ4PSIzIiByeT0iMyIvPgogICAgICAgICAgICAgICAgICAgIDx0ZXh0IHg9IjUiIHk9IjE5IiBmb250LWZhbWlseT0iQXJpYWwsIEhlbHZldGljYSwgc2Fucy1zZXJpZiIgZm9udC1zaXplPSIxM3B4IiBsZXR0ZXItc3BhY2luZz0iMSIgZmlsbD0iI0ZGRkZGRiI+CiAgICAgICAgICAgICAgICAgICAgICAgIDx0c3Bhbj5PRFQ8L3RzcGFuPgogICAgICAgICAgICAgICAgICAgICAgICA8dHNwYW4geD0iNiIgeT0iMjgiPl88L3RzcGFuPgogICAgICAgICAgICAgICAgICAgIDwvdGV4dD4KICAgICAgICAgICAgICAgIDwvZz4KICAgICAgICAgICAgPC9zdmc+CgoJCQk=\" \/><\/div>\n            <div class=\"media-body\">\n                <h3 class=\"package-title\"><a href='https:\/\/www.iaph.es\/cursotribunales\/index.php\/download\/inscripciones\/'>Inscripciones<\/a><\/h3>\n                <div class=\"text-muted text-small\"><i class=\"fas fa-copy\"><\/i> 1 archivo(s) <i class=\"fas fa-hdd ml-3\"><\/i> 32.69 KB<\/div>\n            <\/div>\n            <div class=\"ml-3\">\n                <a class='wpdm-download-link download-on-click btn btn-primary ' rel='nofollow' href='#' data-downloadurl=\"https:\/\/www.iaph.es\/cursotribunales\/index.php\/download\/inscripciones\/?wpdmdl=350&refresh=69d1b9d74890e1775352279\">Descargar<\/a>\n            <\/div>\n        <\/div>\n    <\/div>\n<\/div>\n\n<\/div><\/div>\n\t\t\t\t\t\t<\/div>\n\t\t\t\t<\/div>\n\t\t\t\t\t<\/div>\n\t\t\t\t<\/div>\n\t\t<div class=\"elementor-element elementor-element-40039cd e-flex e-con-boxed e-con e-parent\" data-id=\"40039cd\" data-element_type=\"container\" data-e-type=\"container\">\n\t\t\t\t\t<div class=\"e-con-inner\">\n\t\t\t\t<div class=\"elementor-element elementor-element-48882df elementor-widget elementor-widget-text-editor\" data-id=\"48882df\" data-element_type=\"widget\" data-e-type=\"widget\" data-widget_type=\"text-editor.default\">\n\t\t\t\t<div class=\"elementor-widget-container\">\n\t\t\t\t\t\t\t\t\t<p><em>De acuerdo con el Reglamento (UE) 2016\/679, de 27 de abril (Reglamento General de Protecci\u00f3n de Datos), y la normativa de protecci\u00f3n de datos aplicable, sus datos ser\u00e1n incorporados en el sistema de tratamiento \u201cSolicitudes de los servicios del Centro de Formaci\u00f3n y Difusi\u00f3n\u201d (<a href=\"https:\/\/juntadeandalucia.es\/protecciondedatos\/detalle\/166390.html\" target=\"_blank\" rel=\"noopener noreferrer nofollow\">https:\/\/juntadeandalucia.es\/protecciondedatos\/detalle\/166390.html<\/a>). Puede consultar m\u00e1s informaci\u00f3n en:\u00a0<a href=\"https:\/\/juntadeandalucia.es\/protecciondedatos.html\" target=\"_blank\" rel=\"noopener noreferrer nofollow\">https:\/\/juntadeandalucia.es\/protecciondedatos.html<\/a><\/em><\/p>\t\t\t\t\t\t\t\t<\/div>\n\t\t\t\t<\/div>\n\t\t\t\t\t<\/div>\n\t\t\t\t<\/div>\n\t\t<div class=\"elementor-element elementor-element-91843f7 e-flex e-con-boxed e-con e-parent\" data-id=\"91843f7\" data-element_type=\"container\" data-e-type=\"container\">\n\t\t\t\t\t<div class=\"e-con-inner\">\n\t\t\t\t\t<\/div>\n\t\t\t\t<\/div>\n\t\t\t\t<\/div>\n\t\t","protected":false},"excerpt":{"rendered":"<p>Relaci\u00f3n de personas por orden alfab\u00e9tico de apellidos que han formalizado su inscripci\u00f3n en el curso El Patrimonio Hist\u00f3rico y los Tribunales de Justicia (3\u00aa Edici\u00f3n). En breve se publicar\u00e1 la relaci\u00f3n del alumnado seleccionados. De acuerdo con el Reglamento (UE) 2016\/679, de 27 de abril (Reglamento General de Protecci\u00f3n de Datos), y la normativa [&hellip;]<\/p>\n","protected":false},"author":1,"featured_media":0,"parent":0,"menu_order":0,"comment_status":"closed","ping_status":"closed","template":"","meta":{"footnotes":""},"class_list":["post-340","page","type-page","status-publish","hentry"],"_links":{"self":[{"href":"https:\/\/www.iaph.es\/cursotribunales\/index.php\/wp-json\/wp\/v2\/pages\/340","targetHints":{"allow":["GET"]}}],"collection":[{"href":"https:\/\/www.iaph.es\/cursotribunales\/index.php\/wp-json\/wp\/v2\/pages"}],"about":[{"href":"https:\/\/www.iaph.es\/cursotribunales\/index.php\/wp-json\/wp\/v2\/types\/page"}],"author":[{"embeddable":true,"href":"https:\/\/www.iaph.es\/cursotribunales\/index.php\/wp-json\/wp\/v2\/users\/1"}],"replies":[{"embeddable":true,"href":"https:\/\/www.iaph.es\/cursotribunales\/index.php\/wp-json\/wp\/v2\/comments?post=340"}],"version-history":[{"count":10,"href":"https:\/\/www.iaph.es\/cursotribunales\/index.php\/wp-json\/wp\/v2\/pages\/340\/revisions"}],"predecessor-version":[{"id":356,"href":"https:\/\/www.iaph.es\/cursotribunales\/index.php\/wp-json\/wp\/v2\/pages\/340\/revisions\/356"}],"wp:attachment":[{"href":"https:\/\/www.iaph.es\/cursotribunales\/index.php\/wp-json\/wp\/v2\/media?parent=340"}],"curies":[{"name":"wp","href":"https:\/\/api.w.org\/{rel}","templated":true}]}}