{"id":43,"date":"2024-02-08T12:02:15","date_gmt":"2024-02-08T11:02:15","guid":{"rendered":"https:\/\/www.iaph.es\/cursotribunales\/?page_id=43"},"modified":"2024-02-29T11:02:02","modified_gmt":"2024-02-29T10:02:02","slug":"programa","status":"publish","type":"page","link":"https:\/\/www.iaph.es\/cursotribunales\/index.php\/programa\/","title":{"rendered":"Programa"},"content":{"rendered":"\t\t<div data-elementor-type=\"wp-page\" data-elementor-id=\"43\" class=\"elementor elementor-43\" data-elementor-post-type=\"page\">\n\t\t\t\t<div class=\"elementor-element elementor-element-fbb7e1e e-flex e-con-boxed e-con e-parent\" data-id=\"fbb7e1e\" data-element_type=\"container\" data-e-type=\"container\">\n\t\t\t\t\t<div class=\"e-con-inner\">\n\t\t\t\t<div class=\"elementor-element elementor-element-beefedf elementor-widget elementor-widget-shortcode\" data-id=\"beefedf\" data-element_type=\"widget\" data-e-type=\"widget\" data-widget_type=\"shortcode.default\">\n\t\t\t\t<div class=\"elementor-widget-container\">\n\t\t\t\t\t\t\t<div class=\"elementor-shortcode\"><div class='w3eden'><!-- WPDM Link Template: Default Template -->\n\n<div class=\"link-template-default card mb-2\">\n    <div class=\"card-body\">\n        <div class=\"media\">\n            <div class=\"mr-3 img-48\"><img decoding=\"async\" class=\"wpdm_icon lazyload\" alt=\"Icono\" data-src=\"https:\/\/www.iaph.es\/cursotribunales\/wp-content\/plugins\/download-manager\/assets\/file-type-icons\/pdf.svg\" src=\"data:image\/svg+xml;base64,PHN2ZyB3aWR0aD0iMSIgaGVpZ2h0PSIxIiB4bWxucz0iaHR0cDovL3d3dy53My5vcmcvMjAwMC9zdmciPjwvc3ZnPg==\" \/><\/div>\n            <div class=\"media-body\">\n                <h3 class=\"package-title\"><a href='https:\/\/www.iaph.es\/cursotribunales\/index.php\/download\/el-patrimonio-historico-y-los-tribunales-de-justicia-3a-edicion\/'>Programa<\/a><\/h3>\n                <div class=\"text-muted text-small\"><i class=\"fas fa-copy\"><\/i> 1 archivo(s) <i class=\"fas fa-hdd ml-3\"><\/i> 135.39 KB<\/div>\n            <\/div>\n            <div class=\"ml-3\">\n                <a class='wpdm-download-link download-on-click btn btn-primary ' rel='nofollow' href='#' data-downloadurl=\"https:\/\/www.iaph.es\/cursotribunales\/index.php\/download\/el-patrimonio-historico-y-los-tribunales-de-justicia-3a-edicion\/?wpdmdl=302&refresh=69d1b9d770c3a1775352279\">Descargar<\/a>\n            <\/div>\n        <\/div>\n    <\/div>\n<\/div>\n\n<\/div><\/div>\n\t\t\t\t\t\t<\/div>\n\t\t\t\t<\/div>\n\t\t\t\t\t<\/div>\n\t\t\t\t<\/div>\n\t\t<div class=\"elementor-element elementor-element-594662f e-flex e-con-boxed e-con e-parent\" data-id=\"594662f\" data-element_type=\"container\" data-e-type=\"container\">\n\t\t\t\t\t<div class=\"e-con-inner\">\n\t\t\t\t\t<\/div>\n\t\t\t\t<\/div>\n\t\t<div class=\"elementor-element elementor-element-932f3fe e-flex e-con-boxed e-con e-parent\" data-id=\"932f3fe\" data-element_type=\"container\" data-e-type=\"container\">\n\t\t\t\t\t<div class=\"e-con-inner\">\n\t\t\t\t<div class=\"elementor-element elementor-element-05f0023 elementor-widget elementor-widget-text-editor\" data-id=\"05f0023\" data-element_type=\"widget\" data-e-type=\"widget\" data-widget_type=\"text-editor.default\">\n\t\t\t\t<div class=\"elementor-widget-container\">\n\t\t\t\t\t\t\t\t\t<p class=\"western\"><b>Martes 7<\/b><b> de mayo<\/b><\/p>\n<p class=\"western\" align=\"justify\">09:00-11:00 h.<\/p>\n<p class=\"western\" align=\"justify\"><b>Introducci\u00f3n al r\u00e9gimen legal de la cultura en Andaluc\u00eda. Competencias de las Administraciones y organizaci\u00f3n judicial.<\/b><\/p>\n<p class=\"western\" align=\"justify\">M\u00f3nica Ortiz S\u00e1nchez.<i>Directora General de Patrimonio Hist\u00f3rico. Letrada de la Junta de Andaluc\u00eda en servicios especiales.<\/i><\/p>\n<p class=\"western\" align=\"justify\">11:30-14:00 h.<\/p>\n<p class=\"western\" align=\"justify\"><b>Las obligaciones de los propietarios de los bienes culturales.<\/b><\/p>\n<p class=\"western\" align=\"justify\">Pablo Matoso Ambrosiani. <i>Jefe de la Asesor\u00eda Jur\u00eddica de la Consejer\u00eda de Turismo, Cultura y Deporte.<\/i><\/p>\n<p class=\"western\" align=\"justify\">16:00-19:00 h.<\/p>\n<p class=\"western\" align=\"justify\"><b>La discrecionalidad t\u00e9cnica en la declaraci\u00f3n de Bienes de Inter\u00e9s Cultural: su control judicial.<\/b><\/p>\n<p class=\"western\" align=\"justify\">Mar\u00eda del Amor Albert Mu\u00f1oz. <i>Letrada de la Junta de Andaluc\u00eda y Jefa del \u00c1rea de Asuntos Contenciosos del Gabinete Jur\u00eddico de la Junta de Andaluc\u00eda.<\/i><\/p>\n<p align=\"justify\">\n<\/p><p class=\"western\" align=\"justify\"><b>Mi\u00e9rcoles 8 de mayo<\/b><\/p>\n<p class=\"western\" align=\"justify\">09:00-11:00 h.<\/p>\n<p class=\"western\" align=\"justify\"><b>La prueba en los procesos judiciales.<\/b><\/p>\n<p class=\"western\" align=\"justify\">Antonio Jos\u00e9 Gayo Rubio. <i>Letrado de la Junta de Andaluc\u00eda. Jefe de Asuntos Penales del Gabinete Jur\u00eddico de la Junta de Andaluc\u00eda.<\/i><\/p>\n<p class=\"western\" align=\"justify\">11:30-14:00 h.<\/p>\n<p class=\"western\" align=\"justify\"><b>Los procedimientos sancionadores en el \u00e1mbito de la cultura.<\/b><\/p>\n<p class=\"western\" align=\"justify\">Mar\u00eda Luisa Amate \u00c1vila. <i>Letrada de la Junta de Andaluc\u00eda del \u00c1rea de Coordinaci\u00f3n del Gabinete Jur\u00eddico de la Junta de Andaluc\u00eda.<\/i><\/p>\n<p class=\"western\" align=\"justify\">16:00-19:00 h.<\/p>\n<p class=\"western\" align=\"justify\"><b>Los delitos contra el patrimonio hist\u00f3rico: forma y fondo.<\/b><\/p>\n<p class=\"western\" align=\"justify\">Yolanda Ortiz Mallol. <i>Fiscal Delegada de Medio Ambiente, Urbanismo y Patrimonio Hist\u00f3rico de Sevilla<\/i>.<\/p>\n<p align=\"justify\">\n<\/p><p class=\"western\"><b>Jueves 9 de mayo<\/b><\/p>\n<p class=\"western\" align=\"justify\">09:00-11:30 h.<\/p>\n<p class=\"western\" align=\"justify\"><b>El control jurisdiccional de la actividad de tutela del patrimonio hist\u00f3rico: especial referencia al r\u00e9gimen urban\u00edstico y de responsabilidad patrimonial.<\/b><\/p>\n<p class=\"western\" align=\"justify\">Pedro Luis Roas Mart\u00edn. <i>Magistrado de la Sala de lo contencioso-administrativo del Tribunal Superior de Justicia de Andaluc\u00eda<\/i>.<\/p>\n<p class=\"western\" align=\"justify\">12:00-14:30 h.<\/p>\n<p class=\"western\" align=\"justify\"><b>La participaci\u00f3n de las fuerzas de seguridad en la protecci\u00f3n del patrimonio hist\u00f3rico y cultural.<\/b><\/p>\n<p class=\"western\" align=\"justify\">Juan Jos\u00e9 \u00c1guila Navarro.<b> <\/b><i>Capit\u00e1n de la UCO de la Guardia Civil.<\/i><\/p>\t\t\t\t\t\t\t\t<\/div>\n\t\t\t\t<\/div>\n\t\t\t\t\t<\/div>\n\t\t\t\t<\/div>\n\t\t<div class=\"elementor-element elementor-element-5dc85bd e-flex e-con-boxed e-con e-parent\" data-id=\"5dc85bd\" data-element_type=\"container\" data-e-type=\"container\">\n\t\t\t\t\t<div class=\"e-con-inner\">\n\t\t\t\t\t<\/div>\n\t\t\t\t<\/div>\n\t\t\t\t<\/div>\n\t\t","protected":false},"excerpt":{"rendered":"<p>Martes 7 de mayo 09:00-11:00 h. Introducci\u00f3n al r\u00e9gimen legal de la cultura en Andaluc\u00eda. Competencias de las Administraciones y organizaci\u00f3n judicial. M\u00f3nica Ortiz S\u00e1nchez.Directora General de Patrimonio Hist\u00f3rico. Letrada de la Junta de Andaluc\u00eda en servicios especiales. 11:30-14:00 h. Las obligaciones de los propietarios de los bienes culturales. Pablo Matoso Ambrosiani. Jefe de la [&hellip;]<\/p>\n","protected":false},"author":1,"featured_media":0,"parent":0,"menu_order":0,"comment_status":"closed","ping_status":"closed","template":"","meta":{"footnotes":""},"class_list":["post-43","page","type-page","status-publish","hentry"],"_links":{"self":[{"href":"https:\/\/www.iaph.es\/cursotribunales\/index.php\/wp-json\/wp\/v2\/pages\/43","targetHints":{"allow":["GET"]}}],"collection":[{"href":"https:\/\/www.iaph.es\/cursotribunales\/index.php\/wp-json\/wp\/v2\/pages"}],"about":[{"href":"https:\/\/www.iaph.es\/cursotribunales\/index.php\/wp-json\/wp\/v2\/types\/page"}],"author":[{"embeddable":true,"href":"https:\/\/www.iaph.es\/cursotribunales\/index.php\/wp-json\/wp\/v2\/users\/1"}],"replies":[{"embeddable":true,"href":"https:\/\/www.iaph.es\/cursotribunales\/index.php\/wp-json\/wp\/v2\/comments?post=43"}],"version-history":[{"count":10,"href":"https:\/\/www.iaph.es\/cursotribunales\/index.php\/wp-json\/wp\/v2\/pages\/43\/revisions"}],"predecessor-version":[{"id":337,"href":"https:\/\/www.iaph.es\/cursotribunales\/index.php\/wp-json\/wp\/v2\/pages\/43\/revisions\/337"}],"wp:attachment":[{"href":"https:\/\/www.iaph.es\/cursotribunales\/index.php\/wp-json\/wp\/v2\/media?parent=43"}],"curies":[{"name":"wp","href":"https:\/\/api.w.org\/{rel}","templated":true}]}}