{"id":43,"date":"2025-07-04T08:50:11","date_gmt":"2025-07-04T08:50:11","guid":{"rendered":"https:\/\/www.iaph.es\/guadalguia\/?page_id=43"},"modified":"2025-12-04T15:34:04","modified_gmt":"2025-12-04T15:34:04","slug":"descubre","status":"publish","type":"page","link":"https:\/\/www.iaph.es\/guadalguia\/descubre\/","title":{"rendered":"Descubre"},"content":{"rendered":"<p>[et_pb_section fb_built=\u00bb1&#8243; _builder_version=\u00bb4.27.4&#8243; _module_preset=\u00bbdefault\u00bb background_color=\u00bb#FFFFFF\u00bb global_colors_info=\u00bb{}\u00bb][et_pb_row _builder_version=\u00bb4.27.4&#8243; _module_preset=\u00bbdefault\u00bb global_colors_info=\u00bb{}\u00bb][et_pb_column type=\u00bb4_4&#8243; _builder_version=\u00bb4.27.4&#8243; _module_preset=\u00bbdefault\u00bb global_colors_info=\u00bb{}\u00bb][et_pb_text _builder_version=\u00bb4.27.4&#8243; _module_preset=\u00bbdefault\u00bb hover_enabled=\u00bb0&#8243; global_colors_info=\u00bb{}\u00bb sticky_enabled=\u00bb0&#8243;]<\/p>\n<p><span>            <div class=\"nm-entries-group-container\" data-group-field=\"nm_agrupacion_1764604935503_678\" data-per-page=\"10\">\r\n                <!-- Galer\u00eda de categor\u00edas -->\r\n                <div class=\"nm-group-categories\">\r\n                                            <div class=\"nm-group-category\" data-category=\"Bajo Guadalquivir: de la tierra a la mesa\">\r\n                            <div class=\"nm-category-image\">\r\n                                                                    <img decoding=\"async\" src=\"https:\/\/www.iaph.es\/guadalguia\/wp-content\/uploads\/2025\/12\/tierra_mesa-300x200.jpg\" alt=\"Bajo Guadalquivir: de la tierra a la mesa\">\r\n                                                            <\/div>\r\n                            <div class=\"nm-category-content\">\r\n                                <h3 class=\"nm-category-title\">Bajo Guadalquivir: de la tierra a la mesa<\/h3>\r\n                                                                    <p class=\"nm-category-description\">En el Bajo Guadalquivir persiste un sistema cultural donde agricultura y gastronom\u00eda mantienen identidades locales. T\u00e9cnicas tradicionales \u2014como los navazos, el cultivo del arroz o la producci\u00f3n de moscatel\u2014 son referentes en la comarca.<\/p>\r\n                                                            <\/div>\r\n                        <\/div>\r\n                                            <div class=\"nm-group-category\" data-category=\"El r\u00edo que une: oficios, fiestas y sabores\">\r\n                            <div class=\"nm-category-image\">\r\n                                                                    <img decoding=\"async\" src=\"https:\/\/www.iaph.es\/guadalguia\/wp-content\/uploads\/2025\/12\/CORIA-DEL-RIO_CUCHARAS-300x169.jpg\" alt=\"El r\u00edo que une: oficios, fiestas y sabores\">\r\n                                                            <\/div>\r\n                            <div class=\"nm-category-content\">\r\n                                <h3 class=\"nm-category-title\">El r\u00edo que une: oficios, fiestas y sabores<\/h3>\r\n                                                                    <p class=\"nm-category-description\">En el Bajo Guadalquivir la actividad pesquera ha generado modos de vida ligados al estuario y a las marismas. As\u00ed, oficios, celebraciones y cocinas forman un paisaje donde el r\u00edo sigue siendo v\u00ednculo y memoria colectiva.<\/p>\r\n                                                            <\/div>\r\n                        <\/div>\r\n                                            <div class=\"nm-group-category\" data-category=\"Bajo Guadalquivir: Oficios y saberes tradicionales\">\r\n                            <div class=\"nm-category-image\">\r\n                                                                    <img decoding=\"async\" src=\"https:\/\/www.iaph.es\/guadalguia\/wp-content\/uploads\/2025\/12\/oficios_saberes_tradi-300x200.jpg\" alt=\"Bajo Guadalquivir: Oficios y saberes tradicionales\">\r\n                                                            <\/div>\r\n                            <div class=\"nm-category-content\">\r\n                                <h3 class=\"nm-category-title\">Bajo Guadalquivir: Oficios y saberes tradicionales<\/h3>\r\n                                                                    <p class=\"nm-category-description\">En el Bajo Guadalquivir perviven oficios que revelan una profunda relaci\u00f3n entre comunidad y territorio. Actividades tradicionales -como el carboneo, la construcci\u00f3n de techumbres de chozos o la fabricaci\u00f3n artesanal de ladrillos- junto a la memoria colectiva siguen modelando el paisaje cultural de la zona.<\/p>\r\n                                                            <\/div>\r\n                        <\/div>\r\n                                            <div class=\"nm-group-category\" data-category=\"Bajo Guadalguivir: Ritos y oficios ganaderos\">\r\n                            <div class=\"nm-category-image\">\r\n                                                                    <img decoding=\"async\" src=\"https:\/\/www.iaph.es\/guadalguia\/wp-content\/uploads\/2025\/12\/ritos_ganaderos-300x174.jpg\" alt=\"Bajo Guadalguivir: Ritos y oficios ganaderos\">\r\n                                                            <\/div>\r\n                            <div class=\"nm-category-content\">\r\n                                <h3 class=\"nm-category-title\">Bajo Guadalguivir: Ritos y oficios ganaderos<\/h3>\r\n                                                                    <p class=\"nm-category-description\">La ganader\u00eda en el Bajo Guadalquivir se vincula con las marismas y el espacio natural de Do\u00f1ana. Rituales como la saca de yeguas y oficios de crianza y doma mantienen viva esta actividad en la comarca.<\/p>\r\n                                                            <\/div>\r\n                        <\/div>\r\n                                            <div class=\"nm-group-category\" data-category=\"Cultura a comp\u00e1s: tamboril, fandangos y sevillanas\">\r\n                            <div class=\"nm-category-image\">\r\n                                                                    <img decoding=\"async\" src=\"https:\/\/www.iaph.es\/guadalguia\/wp-content\/uploads\/2025\/12\/CORIA-DEL-RIO_TAMBORILLERO-300x169.jpg\" alt=\"Cultura a comp\u00e1s: tamboril, fandangos y sevillanas\">\r\n                                                            <\/div>\r\n                            <div class=\"nm-category-content\">\r\n                                <h3 class=\"nm-category-title\">Cultura a comp\u00e1s: tamboril, fandangos y sevillanas<\/h3>\r\n                                                                    <p class=\"nm-category-description\">En el Bajo Guadalquivir los fandangos rocieros y marisme\u00f1os, el toque de tamboril y las sevillanas tejen un patrimonio sonoro que sigue latiendo en la memoria y la vida cotidiana de sus\r\ncomunidades.<\/p>\r\n                                                            <\/div>\r\n                        <\/div>\r\n                                    <\/div>\r\n\r\n                <!-- Contenedor para la galer\u00eda filtrada -->\r\n                <div class=\"nm-group-entries-container\" style=\"display: none;\">\r\n                    <div class=\"nm-group-entries-header\">\r\n                        <h3 class=\"nm-group-current-category\"><\/h3>\r\n                    <\/div>\r\n                    <div class=\"nm-entries-grid\" id=\"nm-filtered-entries\">\r\n                        <!-- Se llenar\u00e1 din\u00e1micamente con JavaScript -->\r\n                    <\/div>\r\n                    <div class=\"nm-entries-pagination\" id=\"nm-group-pagination\" style=\"display: none;\">\r\n                        <!-- Paginaci\u00f3n din\u00e1mica -->\r\n                    <\/div>\r\n                <\/div>\r\n            <\/div>\r\n<\/span><\/p>\n<p>[\/et_pb_text][\/et_pb_column][\/et_pb_row][\/et_pb_section]<\/p>\n","protected":false},"excerpt":{"rendered":"            <div class=\"nm-entries-group-container\" data-group-field=\"nm_agrupacion_1764604935503_678\" data-per-page=\"10\">\r\n                <!-- Galer\u00eda de categor\u00edas -->\r\n                <div class=\"nm-group-categories\">\r\n                                            <div class=\"nm-group-category\" data-category=\"Bajo Guadalquivir: de la tierra a la mesa\">\r\n                            <div class=\"nm-category-image\">\r\n                                                                    <img decoding=\"async\" src=\"https:\/\/www.iaph.es\/guadalguia\/wp-content\/uploads\/2025\/12\/tierra_mesa-300x200.jpg\" alt=\"Bajo Guadalquivir: de la tierra a la mesa\">\r\n                                                            <\/div>\r\n                            <div class=\"nm-category-content\">\r\n                                <h3 class=\"nm-category-title\">Bajo Guadalquivir: de la tierra a la mesa<\/h3>\r\n                                                                    <p class=\"nm-category-description\">En el Bajo Guadalquivir persiste un sistema cultural donde agricultura y gastronom\u00eda mantienen identidades locales. T\u00e9cnicas tradicionales \u2014como los navazos, el cultivo del arroz o la producci\u00f3n de moscatel\u2014 son referentes en la comarca.<\/p>\r\n                                                            <\/div>\r\n                        <\/div>\r\n                                            <div class=\"nm-group-category\" data-category=\"El r\u00edo que une: oficios, fiestas y sabores\">\r\n                            <div class=\"nm-category-image\">\r\n                                                                    <img decoding=\"async\" src=\"https:\/\/www.iaph.es\/guadalguia\/wp-content\/uploads\/2025\/12\/CORIA-DEL-RIO_CUCHARAS-300x169.jpg\" alt=\"El r\u00edo que une: oficios, fiestas y sabores\">\r\n                                                            <\/div>\r\n                            <div class=\"nm-category-content\">\r\n                                <h3 class=\"nm-category-title\">El r\u00edo que une: oficios, fiestas y sabores<\/h3>\r\n                                                                    <p class=\"nm-category-description\">En el Bajo Guadalquivir la actividad pesquera ha generado modos de vida ligados al estuario y a las marismas. As\u00ed, oficios, celebraciones y cocinas forman un paisaje donde el r\u00edo sigue siendo v\u00ednculo y memoria colectiva.<\/p>\r\n                                                            <\/div>\r\n                        <\/div>\r\n                                            <div class=\"nm-group-category\" data-category=\"Bajo Guadalquivir: Oficios y saberes tradicionales\">\r\n                            <div class=\"nm-category-image\">\r\n                                                                    <img decoding=\"async\" src=\"https:\/\/www.iaph.es\/guadalguia\/wp-content\/uploads\/2025\/12\/oficios_saberes_tradi-300x200.jpg\" alt=\"Bajo Guadalquivir: Oficios y saberes tradicionales\">\r\n                                                            <\/div>\r\n                            <div class=\"nm-category-content\">\r\n                                <h3 class=\"nm-category-title\">Bajo Guadalquivir: Oficios y saberes tradicionales<\/h3>\r\n                                                                    <p class=\"nm-category-description\">En el Bajo Guadalquivir perviven oficios que revelan una profunda relaci\u00f3n entre comunidad y territorio. Actividades tradicionales -como el carboneo, la construcci\u00f3n de techumbres de chozos o la fabricaci\u00f3n artesanal de ladrillos- junto a la memoria colectiva siguen modelando el paisaje cultural de la zona.<\/p>\r\n                                                            <\/div>\r\n                        <\/div>\r\n                                            <div class=\"nm-group-category\" data-category=\"Bajo Guadalguivir: Ritos y oficios ganaderos\">\r\n                            <div class=\"nm-category-image\">\r\n                                                                    <img decoding=\"async\" src=\"https:\/\/www.iaph.es\/guadalguia\/wp-content\/uploads\/2025\/12\/ritos_ganaderos-300x174.jpg\" alt=\"Bajo Guadalguivir: Ritos y oficios ganaderos\">\r\n                                                            <\/div>\r\n                            <div class=\"nm-category-content\">\r\n                                <h3 class=\"nm-category-title\">Bajo Guadalguivir: Ritos y oficios ganaderos<\/h3>\r\n                                                                    <p class=\"nm-category-description\">La ganader\u00eda en el Bajo Guadalquivir se vincula con las marismas y el espacio natural de Do\u00f1ana. Rituales como la saca de yeguas y oficios de crianza y doma mantienen viva esta actividad en la comarca.<\/p>\r\n                                                            <\/div>\r\n                        <\/div>\r\n                                            <div class=\"nm-group-category\" data-category=\"Cultura a comp\u00e1s: tamboril, fandangos y sevillanas\">\r\n                            <div class=\"nm-category-image\">\r\n                                                                    <img decoding=\"async\" src=\"https:\/\/www.iaph.es\/guadalguia\/wp-content\/uploads\/2025\/12\/CORIA-DEL-RIO_TAMBORILLERO-300x169.jpg\" alt=\"Cultura a comp\u00e1s: tamboril, fandangos y sevillanas\">\r\n                                                            <\/div>\r\n                            <div class=\"nm-category-content\">\r\n                                <h3 class=\"nm-category-title\">Cultura a comp\u00e1s: tamboril, fandangos y sevillanas<\/h3>\r\n                                                                    <p class=\"nm-category-description\">En el Bajo Guadalquivir los fandangos rocieros y marisme\u00f1os, el toque de tamboril y las sevillanas tejen un patrimonio sonoro que sigue latiendo en la memoria y la vida cotidiana de sus\r\ncomunidades.<\/p>\r\n                                                            <\/div>\r\n                        <\/div>\r\n                                    <\/div>\r\n\r\n                <!-- Contenedor para la galer\u00eda filtrada -->\r\n                <div class=\"nm-group-entries-container\" style=\"display: none;\">\r\n                    <div class=\"nm-group-entries-header\">\r\n                        <h3 class=\"nm-group-current-category\"><\/h3>\r\n                    <\/div>\r\n                    <div class=\"nm-entries-grid\" id=\"nm-filtered-entries\">\r\n                        <!-- Se llenar\u00e1 din\u00e1micamente con JavaScript -->\r\n                    <\/div>\r\n                    <div class=\"nm-entries-pagination\" id=\"nm-group-pagination\" style=\"display: none;\">\r\n                        <!-- Paginaci\u00f3n din\u00e1mica -->\r\n                    <\/div>\r\n                <\/div>\r\n            <\/div>\r\n\n","protected":false},"author":1,"featured_media":0,"parent":0,"menu_order":0,"comment_status":"closed","ping_status":"closed","template":"","meta":{"_et_pb_use_builder":"on","_et_pb_old_content":"","_et_gb_content_width":"","footnotes":""},"class_list":["post-43","page","type-page","status-publish","hentry"],"_links":{"self":[{"href":"https:\/\/www.iaph.es\/guadalguia\/wp-json\/wp\/v2\/pages\/43","targetHints":{"allow":["GET"]}}],"collection":[{"href":"https:\/\/www.iaph.es\/guadalguia\/wp-json\/wp\/v2\/pages"}],"about":[{"href":"https:\/\/www.iaph.es\/guadalguia\/wp-json\/wp\/v2\/types\/page"}],"author":[{"embeddable":true,"href":"https:\/\/www.iaph.es\/guadalguia\/wp-json\/wp\/v2\/users\/1"}],"replies":[{"embeddable":true,"href":"https:\/\/www.iaph.es\/guadalguia\/wp-json\/wp\/v2\/comments?post=43"}],"version-history":[{"count":11,"href":"https:\/\/www.iaph.es\/guadalguia\/wp-json\/wp\/v2\/pages\/43\/revisions"}],"predecessor-version":[{"id":883,"href":"https:\/\/www.iaph.es\/guadalguia\/wp-json\/wp\/v2\/pages\/43\/revisions\/883"}],"wp:attachment":[{"href":"https:\/\/www.iaph.es\/guadalguia\/wp-json\/wp\/v2\/media?parent=43"}],"curies":[{"name":"wp","href":"https:\/\/api.w.org\/{rel}","templated":true}]}}