{"id":21459,"date":"2024-01-10T09:49:51","date_gmt":"2024-01-10T08:49:51","guid":{"rendered":"https:\/\/www.iaph.es\/pacto\/?page_id=21459"},"modified":"2024-01-11T09:29:41","modified_gmt":"2024-01-11T08:29:41","slug":"proyecto","status":"publish","type":"page","link":"https:\/\/www.iaph.es\/pacto\/proyecto\/","title":{"rendered":"Proyecto"},"content":{"rendered":"\t\t<div data-elementor-type=\"wp-page\" data-elementor-id=\"21459\" class=\"elementor elementor-21459\" data-elementor-post-type=\"page\">\n\t\t\t\t<div class=\"elementor-element elementor-element-d5d5fea e-flex e-con-boxed e-con e-parent\" data-id=\"d5d5fea\" data-element_type=\"container\" data-e-type=\"container\">\n\t\t\t\t\t<div class=\"e-con-inner\">\n\t\t<div class=\"elementor-element elementor-element-cf78d00 e-con-full e-flex e-con e-child\" data-id=\"cf78d00\" data-element_type=\"container\" data-e-type=\"container\">\n\t\t\t\t<div class=\"elementor-element elementor-element-88dec5b elementor-widget elementor-widget-image\" data-id=\"88dec5b\" data-element_type=\"widget\" data-e-type=\"widget\" data-widget_type=\"image.default\">\n\t\t\t\t<div class=\"elementor-widget-container\">\n\t\t\t\t\t\t\t\t\t\t\t\t\t\t\t<img fetchpriority=\"high\" decoding=\"async\" width=\"632\" height=\"383\" src=\"https:\/\/www.iaph.es\/pacto\/wp-content\/uploads\/2023\/12\/Logo_PACTO_cuadrado.jpg\" class=\"attachment-large size-large wp-image-21450\" alt=\"\" srcset=\"https:\/\/www.iaph.es\/pacto\/wp-content\/uploads\/2023\/12\/Logo_PACTO_cuadrado.jpg 632w, https:\/\/www.iaph.es\/pacto\/wp-content\/uploads\/2023\/12\/Logo_PACTO_cuadrado-300x182.jpg 300w\" sizes=\"(max-width: 632px) 100vw, 632px\" \/>\t\t\t\t\t\t\t\t\t\t\t\t\t\t\t<\/div>\n\t\t\t\t<\/div>\n\t\t\t\t<\/div>\n\t\t\t\t\t<\/div>\n\t\t\t\t<\/div>\n\t\t<div class=\"elementor-element elementor-element-18de245 e-flex e-con-boxed e-con e-parent\" data-id=\"18de245\" data-element_type=\"container\" data-e-type=\"container\">\n\t\t\t\t\t<div class=\"e-con-inner\">\n\t\t\t\t<div class=\"elementor-element elementor-element-68d1f37 elementor-widget__width-initial elementor-widget elementor-widget-text-editor\" data-id=\"68d1f37\" data-element_type=\"widget\" data-e-type=\"widget\" data-widget_type=\"text-editor.default\">\n\t\t\t\t<div class=\"elementor-widget-container\">\n\t\t\t\t\t\t\t\t\t<p>El objetivo general del proyecto \u00ab<em>Paisajes culturales, conocimientos tradicionales y cambio clim\u00e1tico PACTO<\/em>\u00bb es identificar, valorar y transmitir los conocimientos, usos y pr\u00e1cticas tradicionales en paisajes culturales, fundamentalmente del medio rural y costero, \u00fatiles para la adaptaci\u00f3n al cambio clim\u00e1tico.<\/p><p>El cambio clim\u00e1tico es un fen\u00f3meno que est\u00e1 abocando a una crisis ambiental global al planeta, y cuyas consecuencias afectan directamente a los paisajes culturales y a los conocimientos tradicionales de las comunidades que los habitan. Estos espacios son lugares que han sido conformado a lo largo del tiempo por la actividad humana y donde se conjugan valores naturales y culturales de gran significaci\u00f3n. As\u00ed mismo, el \u00abconocimiento tradicional o vern\u00e1culo\u00bb como \u00abpatrimonio cultural inmaterial\u00bb (Unesco, 2003) se refiere a las pr\u00e1cticas y conocimientos transmitidos de generaci\u00f3n en generaci\u00f3n en una comunidad, y que se han desarrollado en el tiempo en respuesta a las condiciones ambientales locales. Este conocimiento resulta muy valioso en el contexto de un clima cambiante, ya que puede proporcionar soluciones adaptativas que contribuyan a frenar o mitigar los posibles impactos derivados del cambio clim\u00e1tico. Por ejemplo, las comunidades que viven en zonas costeras pueden tener conocimientos sobre c\u00f3mo construir y mantener diques y barreras naturales para proteger sus tierras de las inundaciones y la erosi\u00f3n costera. Del mismo modo, las comunidades que dependen de la agricultura pueden aportar conocimientos sobre la forma de seleccionar y plantar cultivos resistentes a los episodios de sequ\u00eda cada vez m\u00e1s frecuentes y adaptados a las condiciones clim\u00e1ticas locales. En definitiva, el cambio clim\u00e1tico puede tener un impacto significativo en los paisajes culturales y en los conocimientos tradicionales de las comunidades pero, a su vez, dichos conocimientos puede proporcionar soluciones adaptativas valiosas para hacerle frente, protegiendo y contribuyendo a mantener los paisajes culturales para las generaciones futuras.<\/p><p>Con este objetivo general se plantea la realizaci\u00f3n, en primer lugar, de un inventario de los paisajes culturales y de los conocimientos tradicionales presentes en Andaluc\u00eda, que permitir\u00e1 identificar aquellos lugares y pr\u00e1cticas cuyos valores pueden verse afectados por los impactos derivados del cambio clim\u00e1tico. Una vez identificados, se valorar\u00e1 su potencial para afrontar los efectos negativos del clima y esta valoraci\u00f3n, a su vez, permitir\u00e1 identificar aquellas pr\u00e1cticas y conocimientos m\u00e1s efectivos y viables en cada lugar.<\/p><p>As\u00ed mismo se prev\u00e9 la promoci\u00f3n de estos conocimientos y pr\u00e1cticas, estableciendo canales de comunicaci\u00f3n adecuados con las comunidades locales, que permitan la transmisi\u00f3n de los conocimientos tradicionales y que fomenten su uso y aplicaci\u00f3n en el presente. Para ello se plantea la organizaci\u00f3n de talleres y eventos, la publicaci\u00f3n de materiales educativos y la creaci\u00f3n de redes de conocimiento entre comunidades y expertos.<br \/>Igualmente se promover\u00e1n pol\u00edticas y estrategias que reconozcan y protejan estos lugares y sus conocimientos tradicionales para asegurar su continuidad y contribuir de una manera sostenible a la lucha contra el cambio clim\u00e1tico.<\/p><p>Finalmente el proyecto propone la inclusi\u00f3n de criterios transversales sobre cambio clim\u00e1tico y patrimonio cultural en los planes nacionales de patrimonio cultural del Ministerio de Cultura entendiendo que puede ser una medida que contribuya a garantizar la protecci\u00f3n y promoci\u00f3n de los paisajes culturales y el conocimiento tradicional, y asegurar su adaptaci\u00f3n al cambio clim\u00e1tico en beneficio de las generaciones presentes y futuras.<\/p>\t\t\t\t\t\t\t\t<\/div>\n\t\t\t\t<\/div>\n\t\t\t\t\t<\/div>\n\t\t\t\t<\/div>\n\t\t\t\t<\/div>\n\t\t","protected":false},"excerpt":{"rendered":"<p>El objetivo general del proyecto \u00abPaisajes culturales, conocimientos tradicionales y cambio clim\u00e1tico PACTO\u00bb es identificar, valorar y transmitir los conocimientos, usos y pr\u00e1cticas tradicionales en paisajes culturales, fundamentalmente del medio rural y costero, \u00fatiles para la adaptaci\u00f3n al cambio clim\u00e1tico. El cambio clim\u00e1tico es un fen\u00f3meno que est\u00e1 abocando a [&hellip;]<\/p>\n","protected":false},"author":13,"featured_media":0,"parent":0,"menu_order":0,"comment_status":"closed","ping_status":"closed","template":"page-templates\/template-pagebuilder-full-width.php","meta":{"footnotes":""},"class_list":["post-21459","page","type-page","status-publish","hentry"],"yoast_head":"<!-- This site is optimized with the Yoast SEO plugin v27.4 - https:\/\/yoast.com\/product\/yoast-seo-wordpress\/ -->\n<title>Proyecto - Proyecto Pacto<\/title>\n<meta name=\"robots\" content=\"index, follow, max-snippet:-1, max-image-preview:large, max-video-preview:-1\" \/>\n<link rel=\"canonical\" href=\"https:\/\/www.iaph.es\/pacto\/proyecto\/\" \/>\n<meta property=\"og:locale\" content=\"es_ES\" \/>\n<meta property=\"og:type\" content=\"article\" \/>\n<meta property=\"og:title\" content=\"Proyecto - Proyecto Pacto\" \/>\n<meta property=\"og:description\" content=\"El objetivo general del proyecto \u00abPaisajes culturales, conocimientos tradicionales y cambio clim\u00e1tico PACTO\u00bb es identificar, valorar y transmitir los conocimientos, usos y pr\u00e1cticas tradicionales en paisajes culturales, fundamentalmente del medio rural y costero, \u00fatiles para la adaptaci\u00f3n al cambio clim\u00e1tico. El cambio clim\u00e1tico es un fen\u00f3meno que est\u00e1 abocando a [&hellip;]\" \/>\n<meta property=\"og:url\" content=\"https:\/\/www.iaph.es\/pacto\/proyecto\/\" \/>\n<meta property=\"og:site_name\" content=\"Proyecto Pacto\" \/>\n<meta property=\"article:modified_time\" content=\"2024-01-11T08:29:41+00:00\" \/>\n<meta property=\"og:image\" content=\"https:\/\/www.iaph.es\/pacto\/wp-content\/uploads\/2023\/12\/Logo_PACTO_cuadrado.jpg\" \/>\n<meta name=\"twitter:card\" content=\"summary_large_image\" \/>\n<meta name=\"twitter:label1\" content=\"Tiempo de lectura\" \/>\n\t<meta name=\"twitter:data1\" content=\"3 minutos\" \/>\n<script type=\"application\/ld+json\" class=\"yoast-schema-graph\">{\"@context\":\"https:\\\/\\\/schema.org\",\"@graph\":[{\"@type\":\"WebPage\",\"@id\":\"https:\\\/\\\/www.iaph.es\\\/pacto\\\/proyecto\\\/\",\"url\":\"https:\\\/\\\/www.iaph.es\\\/pacto\\\/proyecto\\\/\",\"name\":\"Proyecto - Proyecto Pacto\",\"isPartOf\":{\"@id\":\"https:\\\/\\\/www.iaph.es\\\/pacto\\\/#website\"},\"primaryImageOfPage\":{\"@id\":\"https:\\\/\\\/www.iaph.es\\\/pacto\\\/proyecto\\\/#primaryimage\"},\"image\":{\"@id\":\"https:\\\/\\\/www.iaph.es\\\/pacto\\\/proyecto\\\/#primaryimage\"},\"thumbnailUrl\":\"https:\\\/\\\/www.iaph.es\\\/pacto\\\/wp-content\\\/uploads\\\/2023\\\/12\\\/Logo_PACTO_cuadrado.jpg\",\"datePublished\":\"2024-01-10T08:49:51+00:00\",\"dateModified\":\"2024-01-11T08:29:41+00:00\",\"breadcrumb\":{\"@id\":\"https:\\\/\\\/www.iaph.es\\\/pacto\\\/proyecto\\\/#breadcrumb\"},\"inLanguage\":\"es\",\"potentialAction\":[{\"@type\":\"ReadAction\",\"target\":[\"https:\\\/\\\/www.iaph.es\\\/pacto\\\/proyecto\\\/\"]}]},{\"@type\":\"ImageObject\",\"inLanguage\":\"es\",\"@id\":\"https:\\\/\\\/www.iaph.es\\\/pacto\\\/proyecto\\\/#primaryimage\",\"url\":\"https:\\\/\\\/www.iaph.es\\\/pacto\\\/wp-content\\\/uploads\\\/2023\\\/12\\\/Logo_PACTO_cuadrado.jpg\",\"contentUrl\":\"https:\\\/\\\/www.iaph.es\\\/pacto\\\/wp-content\\\/uploads\\\/2023\\\/12\\\/Logo_PACTO_cuadrado.jpg\",\"width\":632,\"height\":383},{\"@type\":\"BreadcrumbList\",\"@id\":\"https:\\\/\\\/www.iaph.es\\\/pacto\\\/proyecto\\\/#breadcrumb\",\"itemListElement\":[{\"@type\":\"ListItem\",\"position\":1,\"name\":\"Portada\",\"item\":\"https:\\\/\\\/www.iaph.es\\\/pacto\\\/\"},{\"@type\":\"ListItem\",\"position\":2,\"name\":\"Proyecto\"}]},{\"@type\":\"WebSite\",\"@id\":\"https:\\\/\\\/www.iaph.es\\\/pacto\\\/#website\",\"url\":\"https:\\\/\\\/www.iaph.es\\\/pacto\\\/\",\"name\":\"Proyecto Pacto\",\"description\":\"Paisajes culturales, conocimientos tradicionales y cambio clim\u00e1tico\",\"publisher\":{\"@id\":\"https:\\\/\\\/www.iaph.es\\\/pacto\\\/#organization\"},\"potentialAction\":[{\"@type\":\"SearchAction\",\"target\":{\"@type\":\"EntryPoint\",\"urlTemplate\":\"https:\\\/\\\/www.iaph.es\\\/pacto\\\/?s={search_term_string}\"},\"query-input\":{\"@type\":\"PropertyValueSpecification\",\"valueRequired\":true,\"valueName\":\"search_term_string\"}}],\"inLanguage\":\"es\"},{\"@type\":\"Organization\",\"@id\":\"https:\\\/\\\/www.iaph.es\\\/pacto\\\/#organization\",\"name\":\"Proyecto Pacto\",\"url\":\"https:\\\/\\\/www.iaph.es\\\/pacto\\\/\",\"logo\":{\"@type\":\"ImageObject\",\"inLanguage\":\"es\",\"@id\":\"https:\\\/\\\/www.iaph.es\\\/pacto\\\/#\\\/schema\\\/logo\\\/image\\\/\",\"url\":\"https:\\\/\\\/www.iaph.es\\\/pacto\\\/wp-content\\\/uploads\\\/2023\\\/12\\\/Logo_PACTO_redondo.jpg\",\"contentUrl\":\"https:\\\/\\\/www.iaph.es\\\/pacto\\\/wp-content\\\/uploads\\\/2023\\\/12\\\/Logo_PACTO_redondo.jpg\",\"width\":697,\"height\":641,\"caption\":\"Proyecto Pacto\"},\"image\":{\"@id\":\"https:\\\/\\\/www.iaph.es\\\/pacto\\\/#\\\/schema\\\/logo\\\/image\\\/\"}}]}<\/script>\n<!-- \/ Yoast SEO plugin. -->","yoast_head_json":{"title":"Proyecto - Proyecto Pacto","robots":{"index":"index","follow":"follow","max-snippet":"max-snippet:-1","max-image-preview":"max-image-preview:large","max-video-preview":"max-video-preview:-1"},"canonical":"https:\/\/www.iaph.es\/pacto\/proyecto\/","og_locale":"es_ES","og_type":"article","og_title":"Proyecto - Proyecto Pacto","og_description":"El objetivo general del proyecto \u00abPaisajes culturales, conocimientos tradicionales y cambio clim\u00e1tico PACTO\u00bb es identificar, valorar y transmitir los conocimientos, usos y pr\u00e1cticas tradicionales en paisajes culturales, fundamentalmente del medio rural y costero, \u00fatiles para la adaptaci\u00f3n al cambio clim\u00e1tico. El cambio clim\u00e1tico es un fen\u00f3meno que est\u00e1 abocando a [&hellip;]","og_url":"https:\/\/www.iaph.es\/pacto\/proyecto\/","og_site_name":"Proyecto Pacto","article_modified_time":"2024-01-11T08:29:41+00:00","og_image":[{"url":"https:\/\/www.iaph.es\/pacto\/wp-content\/uploads\/2023\/12\/Logo_PACTO_cuadrado.jpg","type":"","width":"","height":""}],"twitter_card":"summary_large_image","twitter_misc":{"Tiempo de lectura":"3 minutos"},"schema":{"@context":"https:\/\/schema.org","@graph":[{"@type":"WebPage","@id":"https:\/\/www.iaph.es\/pacto\/proyecto\/","url":"https:\/\/www.iaph.es\/pacto\/proyecto\/","name":"Proyecto - Proyecto Pacto","isPartOf":{"@id":"https:\/\/www.iaph.es\/pacto\/#website"},"primaryImageOfPage":{"@id":"https:\/\/www.iaph.es\/pacto\/proyecto\/#primaryimage"},"image":{"@id":"https:\/\/www.iaph.es\/pacto\/proyecto\/#primaryimage"},"thumbnailUrl":"https:\/\/www.iaph.es\/pacto\/wp-content\/uploads\/2023\/12\/Logo_PACTO_cuadrado.jpg","datePublished":"2024-01-10T08:49:51+00:00","dateModified":"2024-01-11T08:29:41+00:00","breadcrumb":{"@id":"https:\/\/www.iaph.es\/pacto\/proyecto\/#breadcrumb"},"inLanguage":"es","potentialAction":[{"@type":"ReadAction","target":["https:\/\/www.iaph.es\/pacto\/proyecto\/"]}]},{"@type":"ImageObject","inLanguage":"es","@id":"https:\/\/www.iaph.es\/pacto\/proyecto\/#primaryimage","url":"https:\/\/www.iaph.es\/pacto\/wp-content\/uploads\/2023\/12\/Logo_PACTO_cuadrado.jpg","contentUrl":"https:\/\/www.iaph.es\/pacto\/wp-content\/uploads\/2023\/12\/Logo_PACTO_cuadrado.jpg","width":632,"height":383},{"@type":"BreadcrumbList","@id":"https:\/\/www.iaph.es\/pacto\/proyecto\/#breadcrumb","itemListElement":[{"@type":"ListItem","position":1,"name":"Portada","item":"https:\/\/www.iaph.es\/pacto\/"},{"@type":"ListItem","position":2,"name":"Proyecto"}]},{"@type":"WebSite","@id":"https:\/\/www.iaph.es\/pacto\/#website","url":"https:\/\/www.iaph.es\/pacto\/","name":"Proyecto Pacto","description":"Paisajes culturales, conocimientos tradicionales y cambio clim\u00e1tico","publisher":{"@id":"https:\/\/www.iaph.es\/pacto\/#organization"},"potentialAction":[{"@type":"SearchAction","target":{"@type":"EntryPoint","urlTemplate":"https:\/\/www.iaph.es\/pacto\/?s={search_term_string}"},"query-input":{"@type":"PropertyValueSpecification","valueRequired":true,"valueName":"search_term_string"}}],"inLanguage":"es"},{"@type":"Organization","@id":"https:\/\/www.iaph.es\/pacto\/#organization","name":"Proyecto Pacto","url":"https:\/\/www.iaph.es\/pacto\/","logo":{"@type":"ImageObject","inLanguage":"es","@id":"https:\/\/www.iaph.es\/pacto\/#\/schema\/logo\/image\/","url":"https:\/\/www.iaph.es\/pacto\/wp-content\/uploads\/2023\/12\/Logo_PACTO_redondo.jpg","contentUrl":"https:\/\/www.iaph.es\/pacto\/wp-content\/uploads\/2023\/12\/Logo_PACTO_redondo.jpg","width":697,"height":641,"caption":"Proyecto Pacto"},"image":{"@id":"https:\/\/www.iaph.es\/pacto\/#\/schema\/logo\/image\/"}}]}},"_links":{"self":[{"href":"https:\/\/www.iaph.es\/pacto\/wp-json\/wp\/v2\/pages\/21459","targetHints":{"allow":["GET"]}}],"collection":[{"href":"https:\/\/www.iaph.es\/pacto\/wp-json\/wp\/v2\/pages"}],"about":[{"href":"https:\/\/www.iaph.es\/pacto\/wp-json\/wp\/v2\/types\/page"}],"author":[{"embeddable":true,"href":"https:\/\/www.iaph.es\/pacto\/wp-json\/wp\/v2\/users\/13"}],"replies":[{"embeddable":true,"href":"https:\/\/www.iaph.es\/pacto\/wp-json\/wp\/v2\/comments?post=21459"}],"version-history":[{"count":35,"href":"https:\/\/www.iaph.es\/pacto\/wp-json\/wp\/v2\/pages\/21459\/revisions"}],"predecessor-version":[{"id":21562,"href":"https:\/\/www.iaph.es\/pacto\/wp-json\/wp\/v2\/pages\/21459\/revisions\/21562"}],"wp:attachment":[{"href":"https:\/\/www.iaph.es\/pacto\/wp-json\/wp\/v2\/media?parent=21459"}],"curies":[{"name":"wp","href":"https:\/\/api.w.org\/{rel}","templated":true}]}}