{"id":21521,"date":"2024-01-10T09:45:57","date_gmt":"2024-01-10T08:45:57","guid":{"rendered":"https:\/\/www.iaph.es\/pacto\/?page_id=21521"},"modified":"2024-01-10T09:50:28","modified_gmt":"2024-01-10T08:50:28","slug":"colaboraciones","status":"publish","type":"page","link":"https:\/\/www.iaph.es\/pacto\/colaboraciones\/","title":{"rendered":"Colaboraciones"},"content":{"rendered":"\t\t<div data-elementor-type=\"wp-page\" data-elementor-id=\"21521\" class=\"elementor elementor-21521\" data-elementor-post-type=\"page\">\n\t\t\t\t<div class=\"elementor-element elementor-element-1f91af6 e-flex e-con-boxed e-con e-parent\" data-id=\"1f91af6\" data-element_type=\"container\" data-e-type=\"container\">\n\t\t\t\t\t<div class=\"e-con-inner\">\n\t\t\t\t<div class=\"elementor-element elementor-element-c05c2f8 elementor-widget elementor-widget-text-editor\" data-id=\"c05c2f8\" data-element_type=\"widget\" data-e-type=\"widget\" data-widget_type=\"text-editor.default\">\n\t\t\t\t<div class=\"elementor-widget-container\">\n\t\t\t\t\t\t\t\t\t<p><strong>Institucionales<\/strong><\/p>\n<p>David Rejano Pe\u00f1a. Plan Nacional Paisaje Cultural. Ministerio de Cultura y Deporte.<\/p>\n<p>Antonio Jes\u00fas Antequera Delgado. Plan Nacional Paisaje Cultural. Ministerio de Cultura y Deporte.<\/p>\n<p>Sara Gonz\u00e1lez Cambeiro. Plan Nacional de Patrimonio Inmaterial y Plan Nacional de Arquitectura Tradicional. Ministerio de Cultura y Deporte.<\/p>\n<p>Elena Agromayor Navarrete. Plan Nacional de Arquitectura Tradicional. Ministerio de Cultura y Deporte.<\/p>\n<p>Esther Maestre Maestre. Plan Nacional de Educaci\u00f3n y Patrimonio. Ministerio de Cultura y Deporte.<\/p>\n<p>Elena Garc\u00eda Mart\u00ednez. T\u00e9cnica en Medio Ambiente. Instituto del Patrimonio Cultural de Espa\u00f1a.<\/p>\n<p>Dulce Jim\u00e9nez Resuena. Centro de divulgaci\u00f3n Geoparque de Granada.<\/p>\n<p><strong>&nbsp;<\/strong><\/p>\n<p><strong>Acad\u00e9micos<\/strong><\/p>\n<p>Roc\u00edo Silva P\u00e9rez. Catedr\u00e1tica del Departamento de Geograf\u00eda Humana. Universidad de Sevilla.<\/p>\n<p>V\u00edctor Fern\u00e1ndez Salinas. Catedr\u00e1tico del Departamento de Geograf\u00eda Humana. Universidad de Sevilla.<\/p>\n<p>Juan Antonio Mu\u00f1oz Mu\u00f1oz. Investigador del Laboratorio de Antropolog\u00eda Social y Cultural (LASC). Universidad de Almer\u00eda.<\/p>\n<p>David Florido del Corral. Profesor titular del Departamento de Antropolog\u00eda social. Universidad de Sevilla.<\/p>\n<p>Agust\u00edn Coca P\u00e9rez. Antrop\u00f3logo del Departamento de Antropolog\u00eda Social y Psicolog\u00eda B\u00e1sica y Salud. Universidad Pablo de Olavide.<\/p>\n<p>Rufino Acosta Naranjo. Profesor titular del Departamento de Antropolog\u00eda social. Universidad de Sevilla.<\/p>\n<p>Miguel \u00c1ngel Sorroche Cuerva. Profesor Titular del Departamento de Historia del Arte. Universidad de Granada.<\/p>\n<p>Ana Garc\u00eda L\u00f3pez. Profesora titular del Departamento de Dibujo. Directora de la C\u00e1tedra de Innovaci\u00f3n en Artesan\u00eda, Dise\u00f1o y Arte Contempor\u00e1neo. Universidad de Granada.<\/p>\n<p>Luis Berraquero D\u00edaz. Antrop\u00f3logo investigador. Universidad Pablo de Olavide.<\/p>\n<p>Samira Amara Gomes Alves Estancia de investigaci\u00f3n en IAPH. Universidad de Coimbra.<\/p>\n<p><strong style=\"font-size: inherit; text-align: var(--text-align);\">&nbsp;<\/strong><\/p>\n<p><strong style=\"font-size: inherit; text-align: var(--text-align);\">Empresariales<\/strong><\/p>\n<p>Francisca Fern\u00e1ndez Codina. Restauradora y experta balatera.<\/p>\n<p>Andr\u00e9s P\u00e9rez P\u00e9rez. Ingeniero agr\u00edcola.<\/p>\n<p>Ismael Olea Gonz\u00e1lez. Wikipedia.<\/p>\n<p>Inmaculada Mart\u00ednez Alba. Sociedad para el Desarrollo de las Comunidades Costeras Soldecocos<\/p>\n<p>M\u00f3nica Fern\u00e1ndez Jim\u00e9nez. Agricultura de la pasa. El Borge, M\u00e1laga.<\/p>\n<p>Jos\u00e9 Antonio Garc\u00eda Baz\u00e1n. Salinas de interior. Prado del Rey, C\u00e1diz.<\/p><p><br><\/p>\n<p><strong>Sociedad civil<\/strong><\/p>\n<p>Arturo Jim\u00e9nez Viera. Asociaci\u00f3n Taph Taph.<\/p>\n<p>Raimundo D\u00edaz Alcedo. Asociaci\u00f3n de mariscadores de corrales \u201cJarife\u201d. Chipiona, C\u00e1diz.<\/p>\n<p>Manuel Gil Ortiz. Director del Museo de la cal de Mor\u00f3n de la Frontera, Sevilla.<\/p>\n<p>Robin van Dijken. Asociaci\u00f3n Andaluza de Antropolog\u00eda.<\/p>\n<p>Juan Jos\u00e9 Manzano S\u00e1nchez. Fundaci\u00f3n AlmaNatura.<\/p>\t\t\t\t\t\t\t\t<\/div>\n\t\t\t\t<\/div>\n\t\t\t\t\t<\/div>\n\t\t\t\t<\/div>\n\t\t\t\t<\/div>\n\t\t","protected":false},"excerpt":{"rendered":"<p>Institucionales David Rejano Pe\u00f1a. Plan Nacional Paisaje Cultural. Ministerio de Cultura y Deporte. Antonio Jes\u00fas Antequera Delgado. Plan Nacional Paisaje Cultural. Ministerio de Cultura y Deporte. Sara Gonz\u00e1lez Cambeiro. Plan Nacional de Patrimonio Inmaterial y Plan Nacional de Arquitectura Tradicional. Ministerio de Cultura y Deporte. Elena Agromayor Navarrete. Plan Nacional [&hellip;]<\/p>\n","protected":false},"author":13,"featured_media":0,"parent":0,"menu_order":0,"comment_status":"closed","ping_status":"closed","template":"page-templates\/template-pagebuilder-full-width.php","meta":{"footnotes":""},"class_list":["post-21521","page","type-page","status-publish","hentry"],"yoast_head":"<!-- This site is optimized with the Yoast SEO plugin v27.4 - https:\/\/yoast.com\/product\/yoast-seo-wordpress\/ -->\n<title>Colaboraciones - Proyecto Pacto<\/title>\n<meta name=\"robots\" content=\"index, follow, max-snippet:-1, max-image-preview:large, max-video-preview:-1\" \/>\n<link rel=\"canonical\" href=\"https:\/\/www.iaph.es\/pacto\/colaboraciones\/\" \/>\n<meta property=\"og:locale\" content=\"es_ES\" \/>\n<meta property=\"og:type\" content=\"article\" \/>\n<meta property=\"og:title\" content=\"Colaboraciones - Proyecto Pacto\" \/>\n<meta property=\"og:description\" content=\"Institucionales David Rejano Pe\u00f1a. Plan Nacional Paisaje Cultural. Ministerio de Cultura y Deporte. Antonio Jes\u00fas Antequera Delgado. Plan Nacional Paisaje Cultural. Ministerio de Cultura y Deporte. Sara Gonz\u00e1lez Cambeiro. Plan Nacional de Patrimonio Inmaterial y Plan Nacional de Arquitectura Tradicional. Ministerio de Cultura y Deporte. Elena Agromayor Navarrete. Plan Nacional [&hellip;]\" \/>\n<meta property=\"og:url\" content=\"https:\/\/www.iaph.es\/pacto\/colaboraciones\/\" \/>\n<meta property=\"og:site_name\" content=\"Proyecto Pacto\" \/>\n<meta property=\"article:modified_time\" content=\"2024-01-10T08:50:28+00:00\" \/>\n<meta name=\"twitter:card\" content=\"summary_large_image\" \/>\n<meta name=\"twitter:label1\" content=\"Tiempo de lectura\" \/>\n\t<meta name=\"twitter:data1\" content=\"2 minutos\" \/>\n<script type=\"application\/ld+json\" class=\"yoast-schema-graph\">{\"@context\":\"https:\\\/\\\/schema.org\",\"@graph\":[{\"@type\":\"WebPage\",\"@id\":\"https:\\\/\\\/www.iaph.es\\\/pacto\\\/colaboraciones\\\/\",\"url\":\"https:\\\/\\\/www.iaph.es\\\/pacto\\\/colaboraciones\\\/\",\"name\":\"Colaboraciones - Proyecto Pacto\",\"isPartOf\":{\"@id\":\"https:\\\/\\\/www.iaph.es\\\/pacto\\\/#website\"},\"datePublished\":\"2024-01-10T08:45:57+00:00\",\"dateModified\":\"2024-01-10T08:50:28+00:00\",\"breadcrumb\":{\"@id\":\"https:\\\/\\\/www.iaph.es\\\/pacto\\\/colaboraciones\\\/#breadcrumb\"},\"inLanguage\":\"es\",\"potentialAction\":[{\"@type\":\"ReadAction\",\"target\":[\"https:\\\/\\\/www.iaph.es\\\/pacto\\\/colaboraciones\\\/\"]}]},{\"@type\":\"BreadcrumbList\",\"@id\":\"https:\\\/\\\/www.iaph.es\\\/pacto\\\/colaboraciones\\\/#breadcrumb\",\"itemListElement\":[{\"@type\":\"ListItem\",\"position\":1,\"name\":\"Portada\",\"item\":\"https:\\\/\\\/www.iaph.es\\\/pacto\\\/\"},{\"@type\":\"ListItem\",\"position\":2,\"name\":\"Colaboraciones\"}]},{\"@type\":\"WebSite\",\"@id\":\"https:\\\/\\\/www.iaph.es\\\/pacto\\\/#website\",\"url\":\"https:\\\/\\\/www.iaph.es\\\/pacto\\\/\",\"name\":\"Proyecto Pacto\",\"description\":\"Paisajes culturales, conocimientos tradicionales y cambio clim\u00e1tico\",\"publisher\":{\"@id\":\"https:\\\/\\\/www.iaph.es\\\/pacto\\\/#organization\"},\"potentialAction\":[{\"@type\":\"SearchAction\",\"target\":{\"@type\":\"EntryPoint\",\"urlTemplate\":\"https:\\\/\\\/www.iaph.es\\\/pacto\\\/?s={search_term_string}\"},\"query-input\":{\"@type\":\"PropertyValueSpecification\",\"valueRequired\":true,\"valueName\":\"search_term_string\"}}],\"inLanguage\":\"es\"},{\"@type\":\"Organization\",\"@id\":\"https:\\\/\\\/www.iaph.es\\\/pacto\\\/#organization\",\"name\":\"Proyecto Pacto\",\"url\":\"https:\\\/\\\/www.iaph.es\\\/pacto\\\/\",\"logo\":{\"@type\":\"ImageObject\",\"inLanguage\":\"es\",\"@id\":\"https:\\\/\\\/www.iaph.es\\\/pacto\\\/#\\\/schema\\\/logo\\\/image\\\/\",\"url\":\"https:\\\/\\\/www.iaph.es\\\/pacto\\\/wp-content\\\/uploads\\\/2023\\\/12\\\/Logo_PACTO_redondo.jpg\",\"contentUrl\":\"https:\\\/\\\/www.iaph.es\\\/pacto\\\/wp-content\\\/uploads\\\/2023\\\/12\\\/Logo_PACTO_redondo.jpg\",\"width\":697,\"height\":641,\"caption\":\"Proyecto Pacto\"},\"image\":{\"@id\":\"https:\\\/\\\/www.iaph.es\\\/pacto\\\/#\\\/schema\\\/logo\\\/image\\\/\"}}]}<\/script>\n<!-- \/ Yoast SEO plugin. -->","yoast_head_json":{"title":"Colaboraciones - Proyecto Pacto","robots":{"index":"index","follow":"follow","max-snippet":"max-snippet:-1","max-image-preview":"max-image-preview:large","max-video-preview":"max-video-preview:-1"},"canonical":"https:\/\/www.iaph.es\/pacto\/colaboraciones\/","og_locale":"es_ES","og_type":"article","og_title":"Colaboraciones - Proyecto Pacto","og_description":"Institucionales David Rejano Pe\u00f1a. Plan Nacional Paisaje Cultural. Ministerio de Cultura y Deporte. Antonio Jes\u00fas Antequera Delgado. Plan Nacional Paisaje Cultural. Ministerio de Cultura y Deporte. Sara Gonz\u00e1lez Cambeiro. Plan Nacional de Patrimonio Inmaterial y Plan Nacional de Arquitectura Tradicional. Ministerio de Cultura y Deporte. Elena Agromayor Navarrete. Plan Nacional [&hellip;]","og_url":"https:\/\/www.iaph.es\/pacto\/colaboraciones\/","og_site_name":"Proyecto Pacto","article_modified_time":"2024-01-10T08:50:28+00:00","twitter_card":"summary_large_image","twitter_misc":{"Tiempo de lectura":"2 minutos"},"schema":{"@context":"https:\/\/schema.org","@graph":[{"@type":"WebPage","@id":"https:\/\/www.iaph.es\/pacto\/colaboraciones\/","url":"https:\/\/www.iaph.es\/pacto\/colaboraciones\/","name":"Colaboraciones - Proyecto Pacto","isPartOf":{"@id":"https:\/\/www.iaph.es\/pacto\/#website"},"datePublished":"2024-01-10T08:45:57+00:00","dateModified":"2024-01-10T08:50:28+00:00","breadcrumb":{"@id":"https:\/\/www.iaph.es\/pacto\/colaboraciones\/#breadcrumb"},"inLanguage":"es","potentialAction":[{"@type":"ReadAction","target":["https:\/\/www.iaph.es\/pacto\/colaboraciones\/"]}]},{"@type":"BreadcrumbList","@id":"https:\/\/www.iaph.es\/pacto\/colaboraciones\/#breadcrumb","itemListElement":[{"@type":"ListItem","position":1,"name":"Portada","item":"https:\/\/www.iaph.es\/pacto\/"},{"@type":"ListItem","position":2,"name":"Colaboraciones"}]},{"@type":"WebSite","@id":"https:\/\/www.iaph.es\/pacto\/#website","url":"https:\/\/www.iaph.es\/pacto\/","name":"Proyecto Pacto","description":"Paisajes culturales, conocimientos tradicionales y cambio clim\u00e1tico","publisher":{"@id":"https:\/\/www.iaph.es\/pacto\/#organization"},"potentialAction":[{"@type":"SearchAction","target":{"@type":"EntryPoint","urlTemplate":"https:\/\/www.iaph.es\/pacto\/?s={search_term_string}"},"query-input":{"@type":"PropertyValueSpecification","valueRequired":true,"valueName":"search_term_string"}}],"inLanguage":"es"},{"@type":"Organization","@id":"https:\/\/www.iaph.es\/pacto\/#organization","name":"Proyecto Pacto","url":"https:\/\/www.iaph.es\/pacto\/","logo":{"@type":"ImageObject","inLanguage":"es","@id":"https:\/\/www.iaph.es\/pacto\/#\/schema\/logo\/image\/","url":"https:\/\/www.iaph.es\/pacto\/wp-content\/uploads\/2023\/12\/Logo_PACTO_redondo.jpg","contentUrl":"https:\/\/www.iaph.es\/pacto\/wp-content\/uploads\/2023\/12\/Logo_PACTO_redondo.jpg","width":697,"height":641,"caption":"Proyecto Pacto"},"image":{"@id":"https:\/\/www.iaph.es\/pacto\/#\/schema\/logo\/image\/"}}]}},"_links":{"self":[{"href":"https:\/\/www.iaph.es\/pacto\/wp-json\/wp\/v2\/pages\/21521","targetHints":{"allow":["GET"]}}],"collection":[{"href":"https:\/\/www.iaph.es\/pacto\/wp-json\/wp\/v2\/pages"}],"about":[{"href":"https:\/\/www.iaph.es\/pacto\/wp-json\/wp\/v2\/types\/page"}],"author":[{"embeddable":true,"href":"https:\/\/www.iaph.es\/pacto\/wp-json\/wp\/v2\/users\/13"}],"replies":[{"embeddable":true,"href":"https:\/\/www.iaph.es\/pacto\/wp-json\/wp\/v2\/comments?post=21521"}],"version-history":[{"count":4,"href":"https:\/\/www.iaph.es\/pacto\/wp-json\/wp\/v2\/pages\/21521\/revisions"}],"predecessor-version":[{"id":21534,"href":"https:\/\/www.iaph.es\/pacto\/wp-json\/wp\/v2\/pages\/21521\/revisions\/21534"}],"wp:attachment":[{"href":"https:\/\/www.iaph.es\/pacto\/wp-json\/wp\/v2\/media?parent=21521"}],"curies":[{"name":"wp","href":"https:\/\/api.w.org\/{rel}","templated":true}]}}